{"id":18241,"date":"2024-06-19T17:04:24","date_gmt":"2024-06-19T17:04:24","guid":{"rendered":"https:\/\/www.generalmecsrl.it\/produkte\/tauchen\/"},"modified":"2025-02-20T15:40:40","modified_gmt":"2025-02-20T15:40:40","slug":"tauchen","status":"publish","type":"page","link":"https:\/\/www.generalmecsrl.it\/de\/produkte\/tauchen\/","title":{"rendered":"Tauchen"},"content":{"rendered":"\t\t<div data-elementor-type=\"wp-page\" data-elementor-id=\"18241\" class=\"elementor elementor-18241 elementor-17372\">\n\t\t\t\t\t\t<section class=\"elementor-section elementor-top-section elementor-element elementor-element-86a2a1c elementor-section-boxed elementor-section-height-default elementor-section-height-default sc_fly_static\" data-id=\"86a2a1c\" data-element_type=\"section\">\n\t\t\t\t\t\t<div class=\"elementor-container elementor-column-gap-extended\">\n\t\t\t\t\t<div class=\"elementor-column elementor-col-100 elementor-top-column elementor-element elementor-element-b604955 sc_inner_width_none sc_content_align_inherit sc_layouts_column_icons_position_left sc_fly_static\" data-id=\"b604955\" data-element_type=\"column\">\n\t\t\t<div class=\"elementor-widget-wrap elementor-element-populated\">\n\t\t\t\t\t\t<div class=\"elementor-element elementor-element-2901015 sc_height_large sc_fly_static elementor-widget elementor-widget-spacer\" data-id=\"2901015\" data-element_type=\"widget\" data-widget_type=\"spacer.default\">\n\t\t\t\t<div class=\"elementor-widget-container\">\n\t\t\t\t\t\t\t<div class=\"elementor-spacer\">\n\t\t\t<div class=\"elementor-spacer-inner\"><\/div>\n\t\t<\/div>\n\t\t\t\t\t\t<\/div>\n\t\t\t\t<\/div>\n\t\t\t\t\t<\/div>\n\t\t<\/div>\n\t\t\t\t\t<\/div>\n\t\t<\/section>\n\t\t\t\t<section class=\"elementor-section elementor-top-section elementor-element elementor-element-5928d04 elementor-section-content-middle elementor-section-boxed elementor-section-height-default elementor-section-height-default sc_fly_static\" data-id=\"5928d04\" data-element_type=\"section\">\n\t\t\t\t\t\t<div class=\"elementor-container elementor-column-gap-extended\">\n\t\t\t\t\t<div class=\"elementor-column elementor-col-50 elementor-top-column elementor-element elementor-element-56a6652 sc_inner_width_none sc_content_align_inherit sc_layouts_column_icons_position_left sc_fly_static\" data-id=\"56a6652\" data-element_type=\"column\">\n\t\t\t<div class=\"elementor-widget-wrap elementor-element-populated\">\n\t\t\t\t\t\t<div class=\"elementor-element elementor-element-68f319e no-title sc_fly_static elementor-widget elementor-widget-image\" data-id=\"68f319e\" data-element_type=\"widget\" data-widget_type=\"image.default\">\n\t\t\t\t<div class=\"elementor-widget-container\">\n\t\t\t\t\t\t\t\t\t\t\t\t\t\t\t<img decoding=\"async\" src=\"https:\/\/www.generalmecsrl.it\/wp-content\/uploads\/elementor\/thumbs\/sub-r2ralo8t0go5imvx78t0hvvwfrdi8ypqwnsyj7pcx4.jpg\" title=\"sub\" alt=\"sub\" loading=\"lazy\" \/>\t\t\t\t\t\t\t\t\t\t\t\t\t\t\t<\/div>\n\t\t\t\t<\/div>\n\t\t\t\t<div class=\"elementor-element elementor-element-ddd9a5c elementor-widget__width-initial elementor-absolute elementor-widget-tablet__width-inherit sc_layouts_hide_on_tablet sc_layouts_hide_on_mobile sc_fly_static elementor-widget elementor-widget-text-editor\" data-id=\"ddd9a5c\" data-element_type=\"widget\" data-settings=\"{&quot;_position&quot;:&quot;absolute&quot;}\" data-widget_type=\"text-editor.default\">\n\t\t\t\t<div class=\"elementor-widget-container\">\n\t\t\t\t\t\t\t\t\t<h3><span style=\"color: #ffffff;\">Zuverl\u00e4ssige Technologie f\u00fcr sichere Tauchg\u00e4nge<\/span><\/h3>\t\t\t\t\t\t\t\t<\/div>\n\t\t\t\t<\/div>\n\t\t\t\t<div class=\"elementor-element elementor-element-ed83259 elementor-widget__width-inherit elementor-widget-tablet__width-inherit elementor-widget-mobile__width-inherit sc_layouts_hide_on_wide sc_layouts_hide_on_desktop sc_layouts_hide_on_notebook sc_fly_static elementor-widget elementor-widget-text-editor\" data-id=\"ed83259\" data-element_type=\"widget\" data-widget_type=\"text-editor.default\">\n\t\t\t\t<div class=\"elementor-widget-container\">\n\t\t\t\t\t\t\t\t\t<h3><span style=\"color: #ffffff;\">Zuverl\u00e4ssige Technologie f\u00fcr sichere Tauchg\u00e4nge<\/span><\/h3>\t\t\t\t\t\t\t\t<\/div>\n\t\t\t\t<\/div>\n\t\t\t\t\t<\/div>\n\t\t<\/div>\n\t\t\t\t<div class=\"elementor-column elementor-col-50 elementor-top-column elementor-element elementor-element-ccbdf38 sc_inner_width_none sc_content_align_inherit sc_layouts_column_icons_position_left sc_fly_static\" data-id=\"ccbdf38\" data-element_type=\"column\">\n\t\t\t<div class=\"elementor-widget-wrap elementor-element-populated\">\n\t\t\t\t\t\t<div class=\"elementor-element elementor-element-7ddb582 sc_layouts_hide_on_wide sc_layouts_hide_on_desktop sc_layouts_hide_on_notebook sc_layouts_hide_on_tablet sc_fly_static elementor-widget elementor-widget-spacer\" data-id=\"7ddb582\" data-element_type=\"widget\" data-widget_type=\"spacer.default\">\n\t\t\t\t<div class=\"elementor-widget-container\">\n\t\t\t\t\t\t\t<div class=\"elementor-spacer\">\n\t\t\t<div class=\"elementor-spacer-inner\"><\/div>\n\t\t<\/div>\n\t\t\t\t\t\t<\/div>\n\t\t\t\t<\/div>\n\t\t\t\t<div class=\"elementor-element elementor-element-3c11c89 sc_fly_static elementor-widget elementor-widget-trx_sc_title\" data-id=\"3c11c89\" data-element_type=\"widget\" data-widget_type=\"trx_sc_title.default\">\n\t\t\t\t<div class=\"elementor-widget-container\">\n\t\t\t\t\t<div\t\tclass=\"sc_title sc_title_default\" ><h1 class=\"sc_item_title sc_title_title sc_item_title_style_default sc_item_title_tag\"\n\t\t\t><span class=\"sc_item_title_text\">TAUCHEN<\/span><\/h1><\/div>\t\t\t\t<\/div>\n\t\t\t\t<\/div>\n\t\t\t\t<div class=\"elementor-element elementor-element-845e2e8 sc_fly_static elementor-widget elementor-widget-spacer\" data-id=\"845e2e8\" data-element_type=\"widget\" data-widget_type=\"spacer.default\">\n\t\t\t\t<div class=\"elementor-widget-container\">\n\t\t\t\t\t\t\t<div class=\"elementor-spacer\">\n\t\t\t<div class=\"elementor-spacer-inner\"><\/div>\n\t\t<\/div>\n\t\t\t\t\t\t<\/div>\n\t\t\t\t<\/div>\n\t\t\t\t<div class=\"elementor-element elementor-element-6d018f5 sc_fly_static elementor-widget elementor-widget-text-editor\" data-id=\"6d018f5\" data-element_type=\"widget\" data-widget_type=\"text-editor.default\">\n\t\t\t\t<div class=\"elementor-widget-container\">\n\t\t\t\t\t\t\t\t\t<p>Generalmec Srl ist ein etabliertes Unternehmen im Bereich der Unterwassertechnik, mit jahrelanger Erfahrung in der Planung und Herstellung von Formen und Komponenten f\u00fcr diesen Sektor. Dank unserer Expertise sind wir in der Lage, eine breite Palette von Artikeln zu produzieren, die alle durch hochpr\u00e4zise Bearbeitung und hochwertige Materialien gekennzeichnet sind. <\/p><p>Zu unseren Hauptprodukten geh\u00f6ren Formen f\u00fcr Flossen, die aus ein, zwei, drei oder vier Materialien gefertigt sind, ideal um die spezifischen Anforderungen des Sektors zu erf\u00fcllen. Dar\u00fcber hinaus sind wir in der Herstellung von Schnorcheln, Reglern, Tauchmasken, Schwimmbrillen und Unterwassersportgewehren t\u00e4tig, die alle mit besonderem Augenmerk auf Details und Zuverl\u00e4ssigkeit entwickelt wurden. <\/p><p>Unsere Expertise erstreckt sich auch auf die Herstellung von Silikonformen, einschlie\u00dflich rotierender Bi-Material-Formen. Jedes Produkt, das wir herstellen, ist darauf ausgelegt, den harten Einsatzbedingungen standzuhalten und gew\u00e4hrleistet Leistung und Langlebigkeit im Laufe der Zeit. <\/p><p>Generalmec Srl zeichnet sich durch die Anwendung der besten Praktiken und fortschrittlicher Technologien in der mechanischen Bearbeitung aus, mit einem kontinuierlichen Engagement, L\u00f6sungen zu finden, die den Anforderungen des Unterwassersektors und anderer verwandter Industrien gerecht werden.<\/p>\t\t\t\t\t\t\t\t<\/div>\n\t\t\t\t<\/div>\n\t\t\t\t\t<\/div>\n\t\t<\/div>\n\t\t\t\t\t<\/div>\n\t\t<\/section>\n\t\t\t\t<section class=\"elementor-section elementor-top-section elementor-element elementor-element-d6af073 elementor-section-boxed elementor-section-height-default elementor-section-height-default sc_fly_static\" data-id=\"d6af073\" data-element_type=\"section\">\n\t\t\t\t\t\t<div class=\"elementor-container elementor-column-gap-extended\">\n\t\t\t\t\t<div class=\"elementor-column elementor-col-100 elementor-top-column elementor-element elementor-element-0710954 sc_inner_width_none sc_content_align_inherit sc_layouts_column_icons_position_left sc_fly_static\" data-id=\"0710954\" data-element_type=\"column\">\n\t\t\t<div class=\"elementor-widget-wrap elementor-element-populated\">\n\t\t\t\t\t\t<div class=\"elementor-element elementor-element-c497942 sc_height_huge sc_fly_static elementor-widget elementor-widget-spacer\" data-id=\"c497942\" data-element_type=\"widget\" data-widget_type=\"spacer.default\">\n\t\t\t\t<div class=\"elementor-widget-container\">\n\t\t\t\t\t\t\t<div class=\"elementor-spacer\">\n\t\t\t<div class=\"elementor-spacer-inner\"><\/div>\n\t\t<\/div>\n\t\t\t\t\t\t<\/div>\n\t\t\t\t<\/div>\n\t\t\t\t\t<\/div>\n\t\t<\/div>\n\t\t\t\t\t<\/div>\n\t\t<\/section>\n\t\t\t\t<section class=\"elementor-section elementor-top-section elementor-element elementor-element-6bb85f7 elementor-section-stretched scheme_default elementor-section-boxed elementor-section-height-default elementor-section-height-default sc_fly_static\" data-id=\"6bb85f7\" data-element_type=\"section\" data-settings=\"{&quot;stretch_section&quot;:&quot;section-stretched&quot;,&quot;background_background&quot;:&quot;classic&quot;}\">\n\t\t\t\t\t\t<div class=\"elementor-container elementor-column-gap-extended\">\n\t\t\t\t\t<div class=\"elementor-column elementor-col-100 elementor-top-column elementor-element elementor-element-3601ec1 sc_inner_width_none sc_content_align_inherit sc_layouts_column_icons_position_left sc_fly_static\" data-id=\"3601ec1\" data-element_type=\"column\">\n\t\t\t<div class=\"elementor-widget-wrap elementor-element-populated\">\n\t\t\t\t\t\t<div class=\"elementor-element elementor-element-2428cf2 sc_height_huge sc_fly_static elementor-widget elementor-widget-spacer\" data-id=\"2428cf2\" data-element_type=\"widget\" data-widget_type=\"spacer.default\">\n\t\t\t\t<div class=\"elementor-widget-container\">\n\t\t\t\t\t\t\t<div class=\"elementor-spacer\">\n\t\t\t<div class=\"elementor-spacer-inner\"><\/div>\n\t\t<\/div>\n\t\t\t\t\t\t<\/div>\n\t\t\t\t<\/div>\n\t\t\t\t<div class=\"elementor-element elementor-element-dc8d182 sc_fly_static elementor-widget elementor-widget-spacer\" data-id=\"dc8d182\" data-element_type=\"widget\" data-widget_type=\"spacer.default\">\n\t\t\t\t<div class=\"elementor-widget-container\">\n\t\t\t\t\t\t\t<div class=\"elementor-spacer\">\n\t\t\t<div class=\"elementor-spacer-inner\"><\/div>\n\t\t<\/div>\n\t\t\t\t\t\t<\/div>\n\t\t\t\t<\/div>\n\t\t\t\t<div class=\"elementor-element elementor-element-65ed670 sc_fly_static elementor-widget elementor-widget-gallery\" data-id=\"65ed670\" data-element_type=\"widget\" data-widget_type=\"gallery.default\">\n\t\t\t\t<div class=\"elementor-widget-container\">\n\t\t\t\t\t \t\t\t\t<\/div>\n\t\t\t\t<\/div>\n\t\t\t\t<div class=\"elementor-element elementor-element-87bc677 sc_height_huge sc_fly_static elementor-widget elementor-widget-spacer\" data-id=\"87bc677\" data-element_type=\"widget\" data-widget_type=\"spacer.default\">\n\t\t\t\t<div class=\"elementor-widget-container\">\n\t\t\t\t\t\t\t<div class=\"elementor-spacer\">\n\t\t\t<div class=\"elementor-spacer-inner\"><\/div>\n\t\t<\/div>\n\t\t\t\t\t\t<\/div>\n\t\t\t\t<\/div>\n\t\t\t\t\t<\/div>\n\t\t<\/div>\n\t\t\t\t\t<\/div>\n\t\t<\/section>\n\t\t\t\t<\/div>\n\t\t","protected":false},"excerpt":{"rendered":"<p>Zuverl\u00c3\u00a4ssige Technologie f\u00c3\u00bcr sichere Tauchg\u00c3\u00a4nge Zuverl\u00c3\u00a4ssige Technologie f\u00c3\u00bcr sichere Tauchg\u00c3\u00a4nge TAUCHEN Generalmec Srl ist ein etabliertes Unternehmen im Bereich der Unterwassertechnik, mit jahrelanger Erfahrung in der Planung und Herstellung von&hellip;<\/p>\n","protected":false},"author":1,"featured_media":18168,"parent":18235,"menu_order":0,"comment_status":"closed","ping_status":"closed","template":"","meta":{"footnotes":""},"class_list":["post-18241","page","type-page","status-publish","has-post-thumbnail","hentry"],"yoast_head":"<!-- This site is optimized with the Yoast SEO plugin v26.8 - https:\/\/yoast.com\/product\/yoast-seo-wordpress\/ -->\n<title>\u2022 Herstellung Von Unterwasserformen: Spitzentechnologie in Italien | Generalmecsrl.it<\/title>\n<meta name=\"description\" content=\"Sie suchen: Herstellung von Unterwasserformen? Treten Sie jetzt ein Generalmecsrl.it und finde es heraus: Herstellung Von Unterwasserformen: Spitzentechnologie in Italien | Generalmecsrl.it\" \/>\n<meta name=\"robots\" content=\"index, follow, max-snippet:-1, max-image-preview:large, max-video-preview:-1\" \/>\n<link rel=\"canonical\" href=\"https:\/\/www.generalmecsrl.it\/de\/produkte\/tauchen\/\" \/>\n<meta property=\"og:locale\" content=\"de_DE\" \/>\n<meta property=\"og:type\" content=\"article\" \/>\n<meta property=\"og:title\" content=\"\u2022 Herstellung Von Unterwasserformen: Spitzentechnologie in Italien | Generalmecsrl.it\" \/>\n<meta property=\"og:description\" content=\"Sie suchen: Herstellung von Unterwasserformen? Treten Sie jetzt ein Generalmecsrl.it und finde es heraus: Herstellung Von Unterwasserformen: Spitzentechnologie in Italien | Generalmecsrl.it\" \/>\n<meta property=\"og:url\" content=\"https:\/\/www.generalmecsrl.it\/de\/produkte\/tauchen\/\" \/>\n<meta property=\"og:site_name\" content=\"Generalmec\" \/>\n<meta property=\"article:modified_time\" content=\"2025-02-20T15:40:40+00:00\" \/>\n<meta property=\"og:image\" content=\"https:\/\/www.generalmecsrl.it\/wp-content\/uploads\/2025\/02\/sub.jpg\" \/>\n\t<meta property=\"og:image:width\" content=\"417\" \/>\n\t<meta property=\"og:image:height\" content=\"626\" \/>\n\t<meta property=\"og:image:type\" content=\"image\/jpeg\" \/>\n<meta name=\"twitter:card\" content=\"summary_large_image\" \/>\n<meta name=\"twitter:label1\" content=\"Gesch\u00e4tzte Lesezeit\" \/>\n\t<meta name=\"twitter:data1\" content=\"2\u00a0Minuten\" \/>\n<script type=\"application\/ld+json\" class=\"yoast-schema-graph\">{\"@context\":\"https:\/\/schema.org\",\"@graph\":[{\"@type\":\"WebPage\",\"@id\":\"https:\/\/www.generalmecsrl.it\/de\/produkte\/tauchen\/\",\"url\":\"https:\/\/www.generalmecsrl.it\/de\/produkte\/tauchen\/\",\"name\":\"\u2022 Herstellung Von Unterwasserformen: Spitzentechnologie in Italien | Generalmecsrl.it\",\"isPartOf\":{\"@id\":\"https:\/\/www.generalmecsrl.it\/de\/#website\"},\"primaryImageOfPage\":{\"@id\":\"https:\/\/www.generalmecsrl.it\/de\/produkte\/tauchen\/#primaryimage\"},\"image\":{\"@id\":\"https:\/\/www.generalmecsrl.it\/de\/produkte\/tauchen\/#primaryimage\"},\"thumbnailUrl\":\"https:\/\/www.generalmecsrl.it\/wp-content\/uploads\/2025\/02\/sub.jpg\",\"datePublished\":\"2024-06-19T17:04:24+00:00\",\"dateModified\":\"2025-02-20T15:40:40+00:00\",\"description\":\"Sie suchen: Herstellung von Unterwasserformen? Treten Sie jetzt ein Generalmecsrl.it und finde es heraus: Herstellung Von Unterwasserformen: Spitzentechnologie in Italien | Generalmecsrl.it\",\"breadcrumb\":{\"@id\":\"https:\/\/www.generalmecsrl.it\/de\/produkte\/tauchen\/#breadcrumb\"},\"inLanguage\":\"de\",\"potentialAction\":[{\"@type\":\"ReadAction\",\"target\":[\"https:\/\/www.generalmecsrl.it\/de\/produkte\/tauchen\/\"]}]},{\"@type\":\"ImageObject\",\"inLanguage\":\"de\",\"@id\":\"https:\/\/www.generalmecsrl.it\/de\/produkte\/tauchen\/#primaryimage\",\"url\":\"https:\/\/www.generalmecsrl.it\/wp-content\/uploads\/2025\/02\/sub.jpg\",\"contentUrl\":\"https:\/\/www.generalmecsrl.it\/wp-content\/uploads\/2025\/02\/sub.jpg\",\"width\":417,\"height\":626},{\"@type\":\"BreadcrumbList\",\"@id\":\"https:\/\/www.generalmecsrl.it\/de\/produkte\/tauchen\/#breadcrumb\",\"itemListElement\":[{\"@type\":\"ListItem\",\"position\":1,\"name\":\"Home\",\"item\":\"https:\/\/www.generalmecsrl.it\/de\/\"},{\"@type\":\"ListItem\",\"position\":2,\"name\":\"Produkte\",\"item\":\"https:\/\/www.generalmecsrl.it\/de\/produkte\/\"},{\"@type\":\"ListItem\",\"position\":3,\"name\":\"Tauchen\"}]},{\"@type\":\"WebSite\",\"@id\":\"https:\/\/www.generalmecsrl.it\/de\/#website\",\"url\":\"https:\/\/www.generalmecsrl.it\/de\/\",\"name\":\"Generalmac\",\"description\":\"\",\"publisher\":{\"@id\":\"https:\/\/www.generalmecsrl.it\/de\/#organization\"},\"potentialAction\":[{\"@type\":\"SearchAction\",\"target\":{\"@type\":\"EntryPoint\",\"urlTemplate\":\"https:\/\/www.generalmecsrl.it\/de\/?s={search_term_string}\"},\"query-input\":{\"@type\":\"PropertyValueSpecification\",\"valueRequired\":true,\"valueName\":\"search_term_string\"}}],\"inLanguage\":\"de\"},{\"@type\":\"Organization\",\"@id\":\"https:\/\/www.generalmecsrl.it\/de\/#organization\",\"name\":\"Generalmac\",\"url\":\"https:\/\/www.generalmecsrl.it\/de\/\",\"logo\":{\"@type\":\"ImageObject\",\"inLanguage\":\"de\",\"@id\":\"https:\/\/www.generalmecsrl.it\/de\/#\/schema\/logo\/image\/\",\"url\":\"https:\/\/www.generalmecsrl.it\/wp-content\/uploads\/2024\/06\/logo__generalmec.png\",\"contentUrl\":\"https:\/\/www.generalmecsrl.it\/wp-content\/uploads\/2024\/06\/logo__generalmec.png\",\"width\":869,\"height\":174,\"caption\":\"Generalmac\"},\"image\":{\"@id\":\"https:\/\/www.generalmecsrl.it\/de\/#\/schema\/logo\/image\/\"}}]}<\/script>\n<!-- \/ Yoast SEO plugin. -->","yoast_head_json":{"title":"\u2022 Herstellung Von Unterwasserformen: Spitzentechnologie in Italien | Generalmecsrl.it","description":"Sie suchen: Herstellung von Unterwasserformen? Treten Sie jetzt ein Generalmecsrl.it und finde es heraus: Herstellung Von Unterwasserformen: Spitzentechnologie in Italien | Generalmecsrl.it","robots":{"index":"index","follow":"follow","max-snippet":"max-snippet:-1","max-image-preview":"max-image-preview:large","max-video-preview":"max-video-preview:-1"},"canonical":"https:\/\/www.generalmecsrl.it\/de\/produkte\/tauchen\/","og_locale":"de_DE","og_type":"article","og_title":"\u2022 Herstellung Von Unterwasserformen: Spitzentechnologie in Italien | Generalmecsrl.it","og_description":"Sie suchen: Herstellung von Unterwasserformen? Treten Sie jetzt ein Generalmecsrl.it und finde es heraus: Herstellung Von Unterwasserformen: Spitzentechnologie in Italien | Generalmecsrl.it","og_url":"https:\/\/www.generalmecsrl.it\/de\/produkte\/tauchen\/","og_site_name":"Generalmec","article_modified_time":"2025-02-20T15:40:40+00:00","og_image":[{"width":417,"height":626,"url":"https:\/\/www.generalmecsrl.it\/wp-content\/uploads\/2025\/02\/sub.jpg","type":"image\/jpeg"}],"twitter_card":"summary_large_image","twitter_misc":{"Gesch\u00e4tzte Lesezeit":"2\u00a0Minuten"},"schema":{"@context":"https:\/\/schema.org","@graph":[{"@type":"WebPage","@id":"https:\/\/www.generalmecsrl.it\/de\/produkte\/tauchen\/","url":"https:\/\/www.generalmecsrl.it\/de\/produkte\/tauchen\/","name":"\u2022 Herstellung Von Unterwasserformen: Spitzentechnologie in Italien | Generalmecsrl.it","isPartOf":{"@id":"https:\/\/www.generalmecsrl.it\/de\/#website"},"primaryImageOfPage":{"@id":"https:\/\/www.generalmecsrl.it\/de\/produkte\/tauchen\/#primaryimage"},"image":{"@id":"https:\/\/www.generalmecsrl.it\/de\/produkte\/tauchen\/#primaryimage"},"thumbnailUrl":"https:\/\/www.generalmecsrl.it\/wp-content\/uploads\/2025\/02\/sub.jpg","datePublished":"2024-06-19T17:04:24+00:00","dateModified":"2025-02-20T15:40:40+00:00","description":"Sie suchen: Herstellung von Unterwasserformen? Treten Sie jetzt ein Generalmecsrl.it und finde es heraus: Herstellung Von Unterwasserformen: Spitzentechnologie in Italien | Generalmecsrl.it","breadcrumb":{"@id":"https:\/\/www.generalmecsrl.it\/de\/produkte\/tauchen\/#breadcrumb"},"inLanguage":"de","potentialAction":[{"@type":"ReadAction","target":["https:\/\/www.generalmecsrl.it\/de\/produkte\/tauchen\/"]}]},{"@type":"ImageObject","inLanguage":"de","@id":"https:\/\/www.generalmecsrl.it\/de\/produkte\/tauchen\/#primaryimage","url":"https:\/\/www.generalmecsrl.it\/wp-content\/uploads\/2025\/02\/sub.jpg","contentUrl":"https:\/\/www.generalmecsrl.it\/wp-content\/uploads\/2025\/02\/sub.jpg","width":417,"height":626},{"@type":"BreadcrumbList","@id":"https:\/\/www.generalmecsrl.it\/de\/produkte\/tauchen\/#breadcrumb","itemListElement":[{"@type":"ListItem","position":1,"name":"Home","item":"https:\/\/www.generalmecsrl.it\/de\/"},{"@type":"ListItem","position":2,"name":"Produkte","item":"https:\/\/www.generalmecsrl.it\/de\/produkte\/"},{"@type":"ListItem","position":3,"name":"Tauchen"}]},{"@type":"WebSite","@id":"https:\/\/www.generalmecsrl.it\/de\/#website","url":"https:\/\/www.generalmecsrl.it\/de\/","name":"Generalmac","description":"","publisher":{"@id":"https:\/\/www.generalmecsrl.it\/de\/#organization"},"potentialAction":[{"@type":"SearchAction","target":{"@type":"EntryPoint","urlTemplate":"https:\/\/www.generalmecsrl.it\/de\/?s={search_term_string}"},"query-input":{"@type":"PropertyValueSpecification","valueRequired":true,"valueName":"search_term_string"}}],"inLanguage":"de"},{"@type":"Organization","@id":"https:\/\/www.generalmecsrl.it\/de\/#organization","name":"Generalmac","url":"https:\/\/www.generalmecsrl.it\/de\/","logo":{"@type":"ImageObject","inLanguage":"de","@id":"https:\/\/www.generalmecsrl.it\/de\/#\/schema\/logo\/image\/","url":"https:\/\/www.generalmecsrl.it\/wp-content\/uploads\/2024\/06\/logo__generalmec.png","contentUrl":"https:\/\/www.generalmecsrl.it\/wp-content\/uploads\/2024\/06\/logo__generalmec.png","width":869,"height":174,"caption":"Generalmac"},"image":{"@id":"https:\/\/www.generalmecsrl.it\/de\/#\/schema\/logo\/image\/"}}]}},"_links":{"self":[{"href":"https:\/\/www.generalmecsrl.it\/de\/wp-json\/wp\/v2\/pages\/18241","targetHints":{"allow":["GET"]}}],"collection":[{"href":"https:\/\/www.generalmecsrl.it\/de\/wp-json\/wp\/v2\/pages"}],"about":[{"href":"https:\/\/www.generalmecsrl.it\/de\/wp-json\/wp\/v2\/types\/page"}],"author":[{"embeddable":true,"href":"https:\/\/www.generalmecsrl.it\/de\/wp-json\/wp\/v2\/users\/1"}],"replies":[{"embeddable":true,"href":"https:\/\/www.generalmecsrl.it\/de\/wp-json\/wp\/v2\/comments?post=18241"}],"version-history":[{"count":2,"href":"https:\/\/www.generalmecsrl.it\/de\/wp-json\/wp\/v2\/pages\/18241\/revisions"}],"predecessor-version":[{"id":18335,"href":"https:\/\/www.generalmecsrl.it\/de\/wp-json\/wp\/v2\/pages\/18241\/revisions\/18335"}],"up":[{"embeddable":true,"href":"https:\/\/www.generalmecsrl.it\/de\/wp-json\/wp\/v2\/pages\/18235"}],"wp:featuredmedia":[{"embeddable":true,"href":"https:\/\/www.generalmecsrl.it\/de\/wp-json\/wp\/v2\/media\/18168"}],"wp:attachment":[{"href":"https:\/\/www.generalmecsrl.it\/de\/wp-json\/wp\/v2\/media?parent=18241"}],"curies":[{"name":"wp","href":"https:\/\/api.w.org\/{rel}","templated":true}]}}