{"id":18237,"date":"2024-06-19T17:04:38","date_gmt":"2024-06-19T17:04:38","guid":{"rendered":"https:\/\/www.generalmecsrl.it\/produkte\/andere-sektoren\/"},"modified":"2025-02-20T15:37:53","modified_gmt":"2025-02-20T15:37:53","slug":"andere-sektoren","status":"publish","type":"page","link":"https:\/\/www.generalmecsrl.it\/de\/produkte\/andere-sektoren\/","title":{"rendered":"Andere Sektoren"},"content":{"rendered":"\t\t<div data-elementor-type=\"wp-page\" data-elementor-id=\"18237\" class=\"elementor elementor-18237 elementor-17375\">\n\t\t\t\t\t\t<section class=\"elementor-section elementor-top-section elementor-element elementor-element-86a2a1c elementor-section-boxed elementor-section-height-default elementor-section-height-default sc_fly_static\" data-id=\"86a2a1c\" data-element_type=\"section\">\n\t\t\t\t\t\t<div class=\"elementor-container elementor-column-gap-extended\">\n\t\t\t\t\t<div class=\"elementor-column elementor-col-100 elementor-top-column elementor-element elementor-element-b604955 sc_inner_width_none sc_content_align_inherit sc_layouts_column_icons_position_left sc_fly_static\" data-id=\"b604955\" data-element_type=\"column\">\n\t\t\t<div class=\"elementor-widget-wrap elementor-element-populated\">\n\t\t\t\t\t\t<div class=\"elementor-element elementor-element-2901015 sc_height_large sc_fly_static elementor-widget elementor-widget-spacer\" data-id=\"2901015\" data-element_type=\"widget\" data-widget_type=\"spacer.default\">\n\t\t\t\t<div class=\"elementor-widget-container\">\n\t\t\t\t\t\t\t<div class=\"elementor-spacer\">\n\t\t\t<div class=\"elementor-spacer-inner\"><\/div>\n\t\t<\/div>\n\t\t\t\t\t\t<\/div>\n\t\t\t\t<\/div>\n\t\t\t\t\t<\/div>\n\t\t<\/div>\n\t\t\t\t\t<\/div>\n\t\t<\/section>\n\t\t\t\t<section class=\"elementor-section elementor-top-section elementor-element elementor-element-5928d04 elementor-section-content-middle elementor-section-boxed elementor-section-height-default elementor-section-height-default sc_fly_static\" data-id=\"5928d04\" data-element_type=\"section\">\n\t\t\t\t\t\t<div class=\"elementor-container elementor-column-gap-extended\">\n\t\t\t\t\t<div class=\"elementor-column elementor-col-50 elementor-top-column elementor-element elementor-element-56a6652 sc_inner_width_none sc_content_align_inherit sc_layouts_column_icons_position_left sc_fly_static\" data-id=\"56a6652\" data-element_type=\"column\">\n\t\t\t<div class=\"elementor-widget-wrap elementor-element-populated\">\n\t\t\t\t\t\t<div class=\"elementor-element elementor-element-68f319e no-title sc_fly_static elementor-widget elementor-widget-image\" data-id=\"68f319e\" data-element_type=\"widget\" data-widget_type=\"image.default\">\n\t\t\t\t<div class=\"elementor-widget-container\">\n\t\t\t\t\t\t\t\t\t\t\t\t\t\t\t<img decoding=\"async\" src=\"https:\/\/www.generalmecsrl.it\/wp-content\/uploads\/elementor\/thumbs\/altro-r2ralo8t0go5imvx78t0hvvwfrdi8ypqwnsyj7pcx4.jpeg\" title=\"altro\" alt=\"altro\" loading=\"lazy\" \/>\t\t\t\t\t\t\t\t\t\t\t\t\t\t\t<\/div>\n\t\t\t\t<\/div>\n\t\t\t\t<div class=\"elementor-element elementor-element-ddd9a5c elementor-widget__width-initial elementor-absolute elementor-widget-tablet__width-inherit sc_layouts_hide_on_tablet sc_layouts_hide_on_mobile sc_fly_static elementor-widget elementor-widget-text-editor\" data-id=\"ddd9a5c\" data-element_type=\"widget\" data-settings=\"{&quot;_position&quot;:&quot;absolute&quot;}\" data-widget_type=\"text-editor.default\">\n\t\t\t\t<div class=\"elementor-widget-container\">\n\t\t\t\t\t\t\t\t\t<h3><span style=\"color: #ffffff;\">Ma\u00dfgeschneiderte Innovation f\u00fcr jede Branche<\/span><\/h3>\t\t\t\t\t\t\t\t<\/div>\n\t\t\t\t<\/div>\n\t\t\t\t<div class=\"elementor-element elementor-element-ed83259 elementor-widget__width-inherit elementor-widget-tablet__width-inherit elementor-widget-mobile__width-inherit sc_layouts_hide_on_wide sc_layouts_hide_on_desktop sc_layouts_hide_on_notebook sc_fly_static elementor-widget elementor-widget-text-editor\" data-id=\"ed83259\" data-element_type=\"widget\" data-widget_type=\"text-editor.default\">\n\t\t\t\t<div class=\"elementor-widget-container\">\n\t\t\t\t\t\t\t\t\t<h3><span style=\"color: #ffffff;\">Ma\u00dfgeschneiderte Innovation f\u00fcr jede Branche<\/span><\/h3>\t\t\t\t\t\t\t\t<\/div>\n\t\t\t\t<\/div>\n\t\t\t\t\t<\/div>\n\t\t<\/div>\n\t\t\t\t<div class=\"elementor-column elementor-col-50 elementor-top-column elementor-element elementor-element-ccbdf38 sc_inner_width_none sc_content_align_inherit sc_layouts_column_icons_position_left sc_fly_static\" data-id=\"ccbdf38\" data-element_type=\"column\">\n\t\t\t<div class=\"elementor-widget-wrap elementor-element-populated\">\n\t\t\t\t\t\t<div class=\"elementor-element elementor-element-7ddb582 sc_layouts_hide_on_wide sc_layouts_hide_on_desktop sc_layouts_hide_on_notebook sc_layouts_hide_on_tablet sc_fly_static elementor-widget elementor-widget-spacer\" data-id=\"7ddb582\" data-element_type=\"widget\" data-widget_type=\"spacer.default\">\n\t\t\t\t<div class=\"elementor-widget-container\">\n\t\t\t\t\t\t\t<div class=\"elementor-spacer\">\n\t\t\t<div class=\"elementor-spacer-inner\"><\/div>\n\t\t<\/div>\n\t\t\t\t\t\t<\/div>\n\t\t\t\t<\/div>\n\t\t\t\t<div class=\"elementor-element elementor-element-3c11c89 sc_fly_static elementor-widget elementor-widget-trx_sc_title\" data-id=\"3c11c89\" data-element_type=\"widget\" data-widget_type=\"trx_sc_title.default\">\n\t\t\t\t<div class=\"elementor-widget-container\">\n\t\t\t\t\t<div\t\tclass=\"sc_title sc_title_default\" ><h1 class=\"sc_item_title sc_title_title sc_item_title_style_default sc_item_title_tag\"\n\t\t\t><span class=\"sc_item_title_text\">Andere Sektoren<\/span><\/h1><\/div>\t\t\t\t<\/div>\n\t\t\t\t<\/div>\n\t\t\t\t<div class=\"elementor-element elementor-element-5b86ab0 sc_fly_static elementor-widget elementor-widget-spacer\" data-id=\"5b86ab0\" data-element_type=\"widget\" data-widget_type=\"spacer.default\">\n\t\t\t\t<div class=\"elementor-widget-container\">\n\t\t\t\t\t\t\t<div class=\"elementor-spacer\">\n\t\t\t<div class=\"elementor-spacer-inner\"><\/div>\n\t\t<\/div>\n\t\t\t\t\t\t<\/div>\n\t\t\t\t<\/div>\n\t\t\t\t<div class=\"elementor-element elementor-element-754e0ae sc_fly_static elementor-widget elementor-widget-text-editor\" data-id=\"754e0ae\" data-element_type=\"widget\" data-widget_type=\"text-editor.default\">\n\t\t\t\t<div class=\"elementor-widget-container\">\n\t\t\t\t\t\t\t\t\t<p>Generalmec Srl beschr\u00e4nkt sich nicht nur auf die traditionellen Sektoren, sondern erweitert seine Erfahrung und Kompetenz auch auf eine Vielzahl anderer industrieller Bereiche.<\/p><p>In unserem Portfolio bieten wir L\u00f6sungen f\u00fcr die Herstellung von Formen f\u00fcr Haushaltsger\u00e4te wie Waschmaschinen, Kaffeemaschinen und Klimaanlagen, dank unserer F\u00e4higkeit, funktionale und langlebige Komponenten zu erstellen. Dar\u00fcber hinaus fertigen wir Beh\u00e4lter f\u00fcr M\u00f6bel, Vasen und Regale, um die Bed\u00fcrfnisse der Design- und Industrieproduktionsbranche zu erf\u00fcllen. <\/p><p>Wir sind auch im Gartenbausektor t\u00e4tig, indem wir Artikel wie Gartenger\u00e4te herstellen, und im Sportsektor, wo wir die Produktion von Skimasken und Komponenten f\u00fcr Fitnessger\u00e4te \u00fcbernehmen. Unsere Vielseitigkeit erm\u00f6glicht es uns, in zahlreichen Bereichen zu arbeiten, mit ma\u00dfgeschneiderten L\u00f6sungen, die den spezifischen Anforderungen jedes Sektors gerecht werden. <\/p><p>Generalmec Srl w\u00e4chst weiter und passt sich den verschiedenen Marktanforderungen an, indem es Innovation, Pr\u00e4zision und Qualit\u00e4t in die Herstellung jedes Produkts bringt. Wir bieten Fachkompetenz, Zuverl\u00e4ssigkeit und einen umfassenden Service, der es uns erm\u00f6glicht, alle Bed\u00fcrfnisse unserer Kunden sowohl im industriellen Sektor als auch in kreativeren Bereichen zu erf\u00fcllen. <\/p>\t\t\t\t\t\t\t\t<\/div>\n\t\t\t\t<\/div>\n\t\t\t\t\t<\/div>\n\t\t<\/div>\n\t\t\t\t\t<\/div>\n\t\t<\/section>\n\t\t\t\t<section class=\"elementor-section elementor-top-section elementor-element elementor-element-d6af073 elementor-section-boxed elementor-section-height-default elementor-section-height-default sc_fly_static\" data-id=\"d6af073\" data-element_type=\"section\">\n\t\t\t\t\t\t<div class=\"elementor-container elementor-column-gap-extended\">\n\t\t\t\t\t<div class=\"elementor-column elementor-col-100 elementor-top-column elementor-element elementor-element-0710954 sc_inner_width_none sc_content_align_inherit sc_layouts_column_icons_position_left sc_fly_static\" data-id=\"0710954\" data-element_type=\"column\">\n\t\t\t<div class=\"elementor-widget-wrap elementor-element-populated\">\n\t\t\t\t\t\t<div class=\"elementor-element elementor-element-c497942 sc_height_huge sc_fly_static elementor-widget elementor-widget-spacer\" data-id=\"c497942\" data-element_type=\"widget\" data-widget_type=\"spacer.default\">\n\t\t\t\t<div class=\"elementor-widget-container\">\n\t\t\t\t\t\t\t<div class=\"elementor-spacer\">\n\t\t\t<div class=\"elementor-spacer-inner\"><\/div>\n\t\t<\/div>\n\t\t\t\t\t\t<\/div>\n\t\t\t\t<\/div>\n\t\t\t\t\t<\/div>\n\t\t<\/div>\n\t\t\t\t\t<\/div>\n\t\t<\/section>\n\t\t\t\t<section class=\"elementor-section elementor-top-section elementor-element elementor-element-6bb85f7 elementor-section-stretched scheme_default elementor-section-boxed elementor-section-height-default elementor-section-height-default sc_fly_static\" data-id=\"6bb85f7\" data-element_type=\"section\" data-settings=\"{&quot;stretch_section&quot;:&quot;section-stretched&quot;,&quot;background_background&quot;:&quot;classic&quot;}\">\n\t\t\t\t\t\t<div class=\"elementor-container elementor-column-gap-extended\">\n\t\t\t\t\t<div class=\"elementor-column elementor-col-100 elementor-top-column elementor-element elementor-element-3601ec1 sc_inner_width_none sc_content_align_inherit sc_layouts_column_icons_position_left sc_fly_static\" data-id=\"3601ec1\" data-element_type=\"column\">\n\t\t\t<div class=\"elementor-widget-wrap elementor-element-populated\">\n\t\t\t\t\t\t<div class=\"elementor-element elementor-element-2428cf2 sc_height_huge sc_fly_static elementor-widget elementor-widget-spacer\" data-id=\"2428cf2\" data-element_type=\"widget\" data-widget_type=\"spacer.default\">\n\t\t\t\t<div class=\"elementor-widget-container\">\n\t\t\t\t\t\t\t<div class=\"elementor-spacer\">\n\t\t\t<div class=\"elementor-spacer-inner\"><\/div>\n\t\t<\/div>\n\t\t\t\t\t\t<\/div>\n\t\t\t\t<\/div>\n\t\t\t\t<div class=\"elementor-element elementor-element-dc8d182 sc_fly_static elementor-widget elementor-widget-spacer\" data-id=\"dc8d182\" data-element_type=\"widget\" data-widget_type=\"spacer.default\">\n\t\t\t\t<div class=\"elementor-widget-container\">\n\t\t\t\t\t\t\t<div class=\"elementor-spacer\">\n\t\t\t<div class=\"elementor-spacer-inner\"><\/div>\n\t\t<\/div>\n\t\t\t\t\t\t<\/div>\n\t\t\t\t<\/div>\n\t\t\t\t<div class=\"elementor-element elementor-element-65ed670 sc_fly_static elementor-widget elementor-widget-gallery\" data-id=\"65ed670\" data-element_type=\"widget\" data-widget_type=\"gallery.default\">\n\t\t\t\t<div class=\"elementor-widget-container\">\n\t\t\t\t\t \t\t\t\t<\/div>\n\t\t\t\t<\/div>\n\t\t\t\t<div class=\"elementor-element elementor-element-87bc677 sc_height_huge sc_fly_static elementor-widget elementor-widget-spacer\" data-id=\"87bc677\" data-element_type=\"widget\" data-widget_type=\"spacer.default\">\n\t\t\t\t<div class=\"elementor-widget-container\">\n\t\t\t\t\t\t\t<div class=\"elementor-spacer\">\n\t\t\t<div class=\"elementor-spacer-inner\"><\/div>\n\t\t<\/div>\n\t\t\t\t\t\t<\/div>\n\t\t\t\t<\/div>\n\t\t\t\t\t<\/div>\n\t\t<\/div>\n\t\t\t\t\t<\/div>\n\t\t<\/section>\n\t\t\t\t<section class=\"elementor-section elementor-top-section elementor-element elementor-element-734b933 elementor-section-stretched scheme_default sc_layouts_hide_on_wide sc_layouts_hide_on_desktop sc_layouts_hide_on_notebook sc_layouts_hide_on_tablet sc_layouts_hide_on_mobile elementor-section-boxed elementor-section-height-default elementor-section-height-default sc_fly_static\" data-id=\"734b933\" data-element_type=\"section\" data-settings=\"{&quot;stretch_section&quot;:&quot;section-stretched&quot;,&quot;background_background&quot;:&quot;classic&quot;}\">\n\t\t\t\t\t\t<div class=\"elementor-container elementor-column-gap-extended\">\n\t\t\t\t\t<div class=\"elementor-column elementor-col-100 elementor-top-column elementor-element elementor-element-0298297 sc_inner_width_none sc_content_align_inherit sc_layouts_column_icons_position_left sc_fly_static\" data-id=\"0298297\" data-element_type=\"column\">\n\t\t\t<div class=\"elementor-widget-wrap elementor-element-populated\">\n\t\t\t\t\t\t<div class=\"elementor-element elementor-element-4fa1447 sc_height_huge sc_fly_static elementor-widget elementor-widget-spacer\" data-id=\"4fa1447\" data-element_type=\"widget\" data-widget_type=\"spacer.default\">\n\t\t\t\t<div class=\"elementor-widget-container\">\n\t\t\t\t\t\t\t<div class=\"elementor-spacer\">\n\t\t\t<div class=\"elementor-spacer-inner\"><\/div>\n\t\t<\/div>\n\t\t\t\t\t\t<\/div>\n\t\t\t\t<\/div>\n\t\t\t\t<div class=\"elementor-element elementor-element-0fe58c8 sc_fly_static elementor-widget elementor-widget-trx_sc_title\" data-id=\"0fe58c8\" data-element_type=\"widget\" data-widget_type=\"trx_sc_title.default\">\n\t\t\t\t<div class=\"elementor-widget-container\">\n\t\t\t\t\t<div\t\tclass=\"sc_title sc_title_default\" ><span class=\"sc_item_subtitle sc_title_subtitle sc_align_center sc_item_subtitle_above sc_item_title_style_default\">What We Do<\/span><h1 class=\"sc_item_title sc_title_title sc_align_center sc_item_title_style_default sc_item_title_tag sc_typed\"\n\t\t\t><span class=\"sc_item_title_text\">Kraftwerke, Motoren und High-Tech-Maschinen, gefertigt mit Liebe, Intelligenz, <br> Pr\u00e4zision und <u>Stil<\/u>.<\/span><\/h1><\/div>\t\t\t\t<\/div>\n\t\t\t\t<\/div>\n\t\t\t\t<div class=\"elementor-element elementor-element-15f2eea sc_fly_static elementor-widget elementor-widget-spacer\" data-id=\"15f2eea\" data-element_type=\"widget\" data-widget_type=\"spacer.default\">\n\t\t\t\t<div class=\"elementor-widget-container\">\n\t\t\t\t\t\t\t<div class=\"elementor-spacer\">\n\t\t\t<div class=\"elementor-spacer-inner\"><\/div>\n\t\t<\/div>\n\t\t\t\t\t\t<\/div>\n\t\t\t\t<\/div>\n\t\t\t\t<div class=\"elementor-element elementor-element-da13fb8 sc_fly_static elementor-widget elementor-widget-heading\" data-id=\"da13fb8\" data-element_type=\"widget\" data-widget_type=\"heading.default\">\n\t\t\t\t<div class=\"elementor-widget-container\">\n\t\t\t\t\t<h6 class=\"elementor-heading-title elementor-size-default\">Piter Bowman<\/h6>\t\t\t\t<\/div>\n\t\t\t\t<\/div>\n\t\t\t\t<div class=\"elementor-element elementor-element-c38d641 sc_fly_static elementor-widget elementor-widget-spacer\" data-id=\"c38d641\" data-element_type=\"widget\" data-widget_type=\"spacer.default\">\n\t\t\t\t<div class=\"elementor-widget-container\">\n\t\t\t\t\t\t\t<div class=\"elementor-spacer\">\n\t\t\t<div class=\"elementor-spacer-inner\"><\/div>\n\t\t<\/div>\n\t\t\t\t\t\t<\/div>\n\t\t\t\t<\/div>\n\t\t\t\t<div class=\"elementor-element elementor-element-2e18a46 sc_fly_static elementor-widget elementor-widget-text-editor\" data-id=\"2e18a46\" data-element_type=\"widget\" data-widget_type=\"text-editor.default\">\n\t\t\t\t<div class=\"elementor-widget-container\">\n\t\t\t\t\t\t\t\t\t<p style=\"text-align: center;\">Creative Director<\/p>\t\t\t\t\t\t\t\t<\/div>\n\t\t\t\t<\/div>\n\t\t\t\t<div class=\"elementor-element elementor-element-dffc6e6 sc_height_huge sc_fly_static elementor-widget elementor-widget-spacer\" data-id=\"dffc6e6\" data-element_type=\"widget\" data-widget_type=\"spacer.default\">\n\t\t\t\t<div class=\"elementor-widget-container\">\n\t\t\t\t\t\t\t<div class=\"elementor-spacer\">\n\t\t\t<div class=\"elementor-spacer-inner\"><\/div>\n\t\t<\/div>\n\t\t\t\t\t\t<\/div>\n\t\t\t\t<\/div>\n\t\t\t\t\t<\/div>\n\t\t<\/div>\n\t\t\t\t\t<\/div>\n\t\t<\/section>\n\t\t\t\t<\/div>\n\t\t","protected":false},"excerpt":{"rendered":"<p>Ma\u00c3\u0178geschneiderte Innovation f\u00c3\u00bcr jede Branche Ma\u00c3\u0178geschneiderte Innovation f\u00c3\u00bcr jede Branche Andere Sektoren Generalmec Srl beschr\u00c3\u00a4nkt sich nicht nur auf die traditionellen Sektoren, sondern erweitert seine Erfahrung und Kompetenz auch auf&hellip;<\/p>\n","protected":false},"author":1,"featured_media":18170,"parent":18235,"menu_order":0,"comment_status":"closed","ping_status":"closed","template":"","meta":{"footnotes":""},"class_list":["post-18237","page","type-page","status-publish","has-post-thumbnail","hentry"],"yoast_head":"<!-- This site is optimized with the Yoast SEO plugin v26.8 - https:\/\/yoast.com\/product\/yoast-seo-wordpress\/ -->\n<title>\u2022 Herstellung Bestimmter Artikel Im Gartenbereich: Prototypenformen aus Aluminium | Generalmecsrl.it<\/title>\n<meta name=\"description\" content=\"Sie suchen: Herstellung bestimmter Artikel im Gartenbereich? Treten Sie jetzt ein Generalmecsrl.it und finde es heraus: Herstellung Bestimmter Artikel Im Gartenbereich: Prototypenformen aus Aluminium | Generalmecsrl.it\" \/>\n<meta name=\"robots\" content=\"index, follow, max-snippet:-1, max-image-preview:large, max-video-preview:-1\" \/>\n<link rel=\"canonical\" href=\"https:\/\/www.generalmecsrl.it\/de\/produkte\/andere-sektoren\/\" \/>\n<meta property=\"og:locale\" content=\"de_DE\" \/>\n<meta property=\"og:type\" content=\"article\" \/>\n<meta property=\"og:title\" content=\"\u2022 Herstellung Bestimmter Artikel Im Gartenbereich: Prototypenformen aus Aluminium | Generalmecsrl.it\" \/>\n<meta property=\"og:description\" content=\"Sie suchen: Herstellung bestimmter Artikel im Gartenbereich? Treten Sie jetzt ein Generalmecsrl.it und finde es heraus: Herstellung Bestimmter Artikel Im Gartenbereich: Prototypenformen aus Aluminium | Generalmecsrl.it\" \/>\n<meta property=\"og:url\" content=\"https:\/\/www.generalmecsrl.it\/de\/produkte\/andere-sektoren\/\" \/>\n<meta property=\"og:site_name\" content=\"Generalmec\" \/>\n<meta property=\"article:modified_time\" content=\"2025-02-20T15:37:53+00:00\" \/>\n<meta property=\"og:image\" content=\"https:\/\/www.generalmecsrl.it\/wp-content\/uploads\/2025\/02\/altri.jpg\" \/>\n\t<meta property=\"og:image:width\" content=\"740\" \/>\n\t<meta property=\"og:image:height\" content=\"925\" \/>\n\t<meta property=\"og:image:type\" content=\"image\/jpeg\" \/>\n<meta name=\"twitter:card\" content=\"summary_large_image\" \/>\n<meta name=\"twitter:label1\" content=\"Gesch\u00e4tzte Lesezeit\" \/>\n\t<meta name=\"twitter:data1\" content=\"2\u00a0Minuten\" \/>\n<script type=\"application\/ld+json\" class=\"yoast-schema-graph\">{\"@context\":\"https:\/\/schema.org\",\"@graph\":[{\"@type\":\"WebPage\",\"@id\":\"https:\/\/www.generalmecsrl.it\/de\/produkte\/andere-sektoren\/\",\"url\":\"https:\/\/www.generalmecsrl.it\/de\/produkte\/andere-sektoren\/\",\"name\":\"\u2022 Herstellung Bestimmter Artikel Im Gartenbereich: Prototypenformen aus Aluminium | Generalmecsrl.it\",\"isPartOf\":{\"@id\":\"https:\/\/www.generalmecsrl.it\/de\/#website\"},\"primaryImageOfPage\":{\"@id\":\"https:\/\/www.generalmecsrl.it\/de\/produkte\/andere-sektoren\/#primaryimage\"},\"image\":{\"@id\":\"https:\/\/www.generalmecsrl.it\/de\/produkte\/andere-sektoren\/#primaryimage\"},\"thumbnailUrl\":\"https:\/\/www.generalmecsrl.it\/wp-content\/uploads\/2025\/02\/altri.jpg\",\"datePublished\":\"2024-06-19T17:04:38+00:00\",\"dateModified\":\"2025-02-20T15:37:53+00:00\",\"description\":\"Sie suchen: Herstellung bestimmter Artikel im Gartenbereich? Treten Sie jetzt ein Generalmecsrl.it und finde es heraus: Herstellung Bestimmter Artikel Im Gartenbereich: Prototypenformen aus Aluminium | Generalmecsrl.it\",\"breadcrumb\":{\"@id\":\"https:\/\/www.generalmecsrl.it\/de\/produkte\/andere-sektoren\/#breadcrumb\"},\"inLanguage\":\"de\",\"potentialAction\":[{\"@type\":\"ReadAction\",\"target\":[\"https:\/\/www.generalmecsrl.it\/de\/produkte\/andere-sektoren\/\"]}]},{\"@type\":\"ImageObject\",\"inLanguage\":\"de\",\"@id\":\"https:\/\/www.generalmecsrl.it\/de\/produkte\/andere-sektoren\/#primaryimage\",\"url\":\"https:\/\/www.generalmecsrl.it\/wp-content\/uploads\/2025\/02\/altri.jpg\",\"contentUrl\":\"https:\/\/www.generalmecsrl.it\/wp-content\/uploads\/2025\/02\/altri.jpg\",\"width\":740,\"height\":925},{\"@type\":\"BreadcrumbList\",\"@id\":\"https:\/\/www.generalmecsrl.it\/de\/produkte\/andere-sektoren\/#breadcrumb\",\"itemListElement\":[{\"@type\":\"ListItem\",\"position\":1,\"name\":\"Home\",\"item\":\"https:\/\/www.generalmecsrl.it\/de\/\"},{\"@type\":\"ListItem\",\"position\":2,\"name\":\"Produkte\",\"item\":\"https:\/\/www.generalmecsrl.it\/de\/produkte\/\"},{\"@type\":\"ListItem\",\"position\":3,\"name\":\"Andere Sektoren\"}]},{\"@type\":\"WebSite\",\"@id\":\"https:\/\/www.generalmecsrl.it\/de\/#website\",\"url\":\"https:\/\/www.generalmecsrl.it\/de\/\",\"name\":\"Generalmac\",\"description\":\"\",\"publisher\":{\"@id\":\"https:\/\/www.generalmecsrl.it\/de\/#organization\"},\"potentialAction\":[{\"@type\":\"SearchAction\",\"target\":{\"@type\":\"EntryPoint\",\"urlTemplate\":\"https:\/\/www.generalmecsrl.it\/de\/?s={search_term_string}\"},\"query-input\":{\"@type\":\"PropertyValueSpecification\",\"valueRequired\":true,\"valueName\":\"search_term_string\"}}],\"inLanguage\":\"de\"},{\"@type\":\"Organization\",\"@id\":\"https:\/\/www.generalmecsrl.it\/de\/#organization\",\"name\":\"Generalmac\",\"url\":\"https:\/\/www.generalmecsrl.it\/de\/\",\"logo\":{\"@type\":\"ImageObject\",\"inLanguage\":\"de\",\"@id\":\"https:\/\/www.generalmecsrl.it\/de\/#\/schema\/logo\/image\/\",\"url\":\"https:\/\/www.generalmecsrl.it\/wp-content\/uploads\/2024\/06\/logo__generalmec.png\",\"contentUrl\":\"https:\/\/www.generalmecsrl.it\/wp-content\/uploads\/2024\/06\/logo__generalmec.png\",\"width\":869,\"height\":174,\"caption\":\"Generalmac\"},\"image\":{\"@id\":\"https:\/\/www.generalmecsrl.it\/de\/#\/schema\/logo\/image\/\"}}]}<\/script>\n<!-- \/ Yoast SEO plugin. -->","yoast_head_json":{"title":"\u2022 Herstellung Bestimmter Artikel Im Gartenbereich: Prototypenformen aus Aluminium | Generalmecsrl.it","description":"Sie suchen: Herstellung bestimmter Artikel im Gartenbereich? Treten Sie jetzt ein Generalmecsrl.it und finde es heraus: Herstellung Bestimmter Artikel Im Gartenbereich: Prototypenformen aus Aluminium | Generalmecsrl.it","robots":{"index":"index","follow":"follow","max-snippet":"max-snippet:-1","max-image-preview":"max-image-preview:large","max-video-preview":"max-video-preview:-1"},"canonical":"https:\/\/www.generalmecsrl.it\/de\/produkte\/andere-sektoren\/","og_locale":"de_DE","og_type":"article","og_title":"\u2022 Herstellung Bestimmter Artikel Im Gartenbereich: Prototypenformen aus Aluminium | Generalmecsrl.it","og_description":"Sie suchen: Herstellung bestimmter Artikel im Gartenbereich? Treten Sie jetzt ein Generalmecsrl.it und finde es heraus: Herstellung Bestimmter Artikel Im Gartenbereich: Prototypenformen aus Aluminium | Generalmecsrl.it","og_url":"https:\/\/www.generalmecsrl.it\/de\/produkte\/andere-sektoren\/","og_site_name":"Generalmec","article_modified_time":"2025-02-20T15:37:53+00:00","og_image":[{"width":740,"height":925,"url":"https:\/\/www.generalmecsrl.it\/wp-content\/uploads\/2025\/02\/altri.jpg","type":"image\/jpeg"}],"twitter_card":"summary_large_image","twitter_misc":{"Gesch\u00e4tzte Lesezeit":"2\u00a0Minuten"},"schema":{"@context":"https:\/\/schema.org","@graph":[{"@type":"WebPage","@id":"https:\/\/www.generalmecsrl.it\/de\/produkte\/andere-sektoren\/","url":"https:\/\/www.generalmecsrl.it\/de\/produkte\/andere-sektoren\/","name":"\u2022 Herstellung Bestimmter Artikel Im Gartenbereich: Prototypenformen aus Aluminium | Generalmecsrl.it","isPartOf":{"@id":"https:\/\/www.generalmecsrl.it\/de\/#website"},"primaryImageOfPage":{"@id":"https:\/\/www.generalmecsrl.it\/de\/produkte\/andere-sektoren\/#primaryimage"},"image":{"@id":"https:\/\/www.generalmecsrl.it\/de\/produkte\/andere-sektoren\/#primaryimage"},"thumbnailUrl":"https:\/\/www.generalmecsrl.it\/wp-content\/uploads\/2025\/02\/altri.jpg","datePublished":"2024-06-19T17:04:38+00:00","dateModified":"2025-02-20T15:37:53+00:00","description":"Sie suchen: Herstellung bestimmter Artikel im Gartenbereich? Treten Sie jetzt ein Generalmecsrl.it und finde es heraus: Herstellung Bestimmter Artikel Im Gartenbereich: Prototypenformen aus Aluminium | Generalmecsrl.it","breadcrumb":{"@id":"https:\/\/www.generalmecsrl.it\/de\/produkte\/andere-sektoren\/#breadcrumb"},"inLanguage":"de","potentialAction":[{"@type":"ReadAction","target":["https:\/\/www.generalmecsrl.it\/de\/produkte\/andere-sektoren\/"]}]},{"@type":"ImageObject","inLanguage":"de","@id":"https:\/\/www.generalmecsrl.it\/de\/produkte\/andere-sektoren\/#primaryimage","url":"https:\/\/www.generalmecsrl.it\/wp-content\/uploads\/2025\/02\/altri.jpg","contentUrl":"https:\/\/www.generalmecsrl.it\/wp-content\/uploads\/2025\/02\/altri.jpg","width":740,"height":925},{"@type":"BreadcrumbList","@id":"https:\/\/www.generalmecsrl.it\/de\/produkte\/andere-sektoren\/#breadcrumb","itemListElement":[{"@type":"ListItem","position":1,"name":"Home","item":"https:\/\/www.generalmecsrl.it\/de\/"},{"@type":"ListItem","position":2,"name":"Produkte","item":"https:\/\/www.generalmecsrl.it\/de\/produkte\/"},{"@type":"ListItem","position":3,"name":"Andere Sektoren"}]},{"@type":"WebSite","@id":"https:\/\/www.generalmecsrl.it\/de\/#website","url":"https:\/\/www.generalmecsrl.it\/de\/","name":"Generalmac","description":"","publisher":{"@id":"https:\/\/www.generalmecsrl.it\/de\/#organization"},"potentialAction":[{"@type":"SearchAction","target":{"@type":"EntryPoint","urlTemplate":"https:\/\/www.generalmecsrl.it\/de\/?s={search_term_string}"},"query-input":{"@type":"PropertyValueSpecification","valueRequired":true,"valueName":"search_term_string"}}],"inLanguage":"de"},{"@type":"Organization","@id":"https:\/\/www.generalmecsrl.it\/de\/#organization","name":"Generalmac","url":"https:\/\/www.generalmecsrl.it\/de\/","logo":{"@type":"ImageObject","inLanguage":"de","@id":"https:\/\/www.generalmecsrl.it\/de\/#\/schema\/logo\/image\/","url":"https:\/\/www.generalmecsrl.it\/wp-content\/uploads\/2024\/06\/logo__generalmec.png","contentUrl":"https:\/\/www.generalmecsrl.it\/wp-content\/uploads\/2024\/06\/logo__generalmec.png","width":869,"height":174,"caption":"Generalmac"},"image":{"@id":"https:\/\/www.generalmecsrl.it\/de\/#\/schema\/logo\/image\/"}}]}},"_links":{"self":[{"href":"https:\/\/www.generalmecsrl.it\/de\/wp-json\/wp\/v2\/pages\/18237","targetHints":{"allow":["GET"]}}],"collection":[{"href":"https:\/\/www.generalmecsrl.it\/de\/wp-json\/wp\/v2\/pages"}],"about":[{"href":"https:\/\/www.generalmecsrl.it\/de\/wp-json\/wp\/v2\/types\/page"}],"author":[{"embeddable":true,"href":"https:\/\/www.generalmecsrl.it\/de\/wp-json\/wp\/v2\/users\/1"}],"replies":[{"embeddable":true,"href":"https:\/\/www.generalmecsrl.it\/de\/wp-json\/wp\/v2\/comments?post=18237"}],"version-history":[{"count":2,"href":"https:\/\/www.generalmecsrl.it\/de\/wp-json\/wp\/v2\/pages\/18237\/revisions"}],"predecessor-version":[{"id":18329,"href":"https:\/\/www.generalmecsrl.it\/de\/wp-json\/wp\/v2\/pages\/18237\/revisions\/18329"}],"up":[{"embeddable":true,"href":"https:\/\/www.generalmecsrl.it\/de\/wp-json\/wp\/v2\/pages\/18235"}],"wp:featuredmedia":[{"embeddable":true,"href":"https:\/\/www.generalmecsrl.it\/de\/wp-json\/wp\/v2\/media\/18170"}],"wp:attachment":[{"href":"https:\/\/www.generalmecsrl.it\/de\/wp-json\/wp\/v2\/media?parent=18237"}],"curies":[{"name":"wp","href":"https:\/\/api.w.org\/{rel}","templated":true}]}}