{"id":18233,"date":"2025-02-12T09:37:08","date_gmt":"2025-02-12T09:37:08","guid":{"rendered":"https:\/\/www.generalmecsrl.it\/privacy-policy\/"},"modified":"2025-02-28T08:07:24","modified_gmt":"2025-02-28T08:07:24","slug":"privacy-policy","status":"publish","type":"page","link":"https:\/\/www.generalmecsrl.it\/de\/privacy-policy\/","title":{"rendered":"Privacy Policy"},"content":{"rendered":"\t\t<div data-elementor-type=\"wp-page\" data-elementor-id=\"18233\" class=\"elementor elementor-18233 elementor-17719\">\n\t\t\t\t\t\t<section class=\"elementor-section elementor-top-section elementor-element elementor-element-17519b1 elementor-section-boxed elementor-section-height-default elementor-section-height-default sc_fly_static\" data-id=\"17519b1\" data-element_type=\"section\">\n\t\t\t\t\t\t<div class=\"elementor-container elementor-column-gap-extended\">\n\t\t\t\t\t<div class=\"elementor-column elementor-col-100 elementor-top-column elementor-element elementor-element-9b97b4a sc_inner_width_none sc_content_align_inherit sc_layouts_column_icons_position_left sc_fly_static\" data-id=\"9b97b4a\" data-element_type=\"column\">\n\t\t\t<div class=\"elementor-widget-wrap elementor-element-populated\">\n\t\t\t\t\t\t<div class=\"elementor-element elementor-element-5e0022f sc_fly_static elementor-widget elementor-widget-text-editor\" data-id=\"5e0022f\" data-element_type=\"widget\" data-widget_type=\"text-editor.default\">\n\t\t\t\t<div class=\"elementor-widget-container\">\n\t\t\t\t\t\t\t\t\t<p data-pm-slice=\"0 0 []\"><strong>INFORMATIONEN ZUR VERARBEITUNG PERSONENBEZOGENER DATEN<\/strong><\/p><p>von Nutzern, die die Website besuchen: <a>www.generalmecsrl.it<\/a><\/p><p>Gem\u00e4\u00df Artikel 13 der EU-Verordnung 2016\/679<\/p><p>Dieses Dokument hat das Ziel, maximale Transparenz in Bezug auf die \u00fcber die Website <a>www.generalmecsrl.it<\/a> gesammelten Informationen und deren Verarbeitungsmethoden zu bieten. Dieses Dokument gilt nicht f\u00fcr Informationen, die \u00fcber andere als die angegebenen Kan\u00e4le gesammelt werden.<\/p><p>Diese Datenschutzerkl\u00e4rung beschreibt, wie Generalmec S.r.l. seine Website im Hinblick auf die Verarbeitung personenbezogener Daten von Kunden\/Nutzern\/Besuchern, die darauf zugreifen, verwaltet.<\/p><p>F\u00fcr individuelle Verarbeitungst\u00e4tigkeiten auf spezifischen Kan\u00e4len verweisen wir auf die detaillierten Informationen zu den jeweiligen angeforderten Dienstleistungen.<\/p><p><strong>VORWORT<\/strong><\/p><p>Diese digitale Datenschutzrichtlinie beschreibt, in \u00dcbereinstimmung mit der Europ\u00e4ischen Verordnung 2016\/679 (nachfolgend &#8222;Verordnung&#8220;) sowie der geltenden nationalen Gesetzgebung, die Methoden zur Verarbeitung personenbezogener Daten von Kunden\/Nutzern\/Besuchern, die die institutionelle Website von Generalmec S.r.l. (<a>www.generalmecsrl.it<\/a>) nutzen.<\/p><p><strong>IDENTIT\u00c4T UND KONTAKTDATEN DES VERANTWORTLICHEN<\/strong><\/p><p>Der Verantwortliche (nachfolgend auch &#8222;Verantwortlicher&#8220; und\/oder &#8222;Unternehmen&#8220;) ist Generalmec S.r.l., mit Sitz in 35020 &#8211; Brugine (PD), Via Dell\u2019Industria 42, USt-IdNr.: 02266830286, R.E.A. PD 218266, vertreten durch die gesetzlichen Vertreter pro tempore, erreichbar unter folgenden Kontakten: E-Mail <a>info@generalmecsrl.it<\/a>, PEC: <a>generalmec@internetpec.it<\/a>.<\/p><p><strong>KATEGORIEN DER \u00dcBER DIE WEBSITE VERARBEITETEN PERSONENBEZOGENEN DATEN<\/strong><\/p><p>Die verarbeiteten personenbezogenen Daten sind diejenigen, die Sie bereitstellen oder die der Verantwortliche rechtm\u00e4\u00dfig erlangt. Die Arten und Methoden der Verarbeitung von Daten im Zusammenhang mit Websites werden im Folgenden beschrieben:<\/p><ul data-spread=\"true\"><li><p><strong>Navigationsdaten\/Funktion der Website<\/strong>: Die f\u00fcr den Betrieb der Website verwendeten IT- und Telematiksysteme sowie Softwareverfahren erfassen w\u00e4hrend ihres normalen Betriebs bestimmte Daten, deren \u00dcbertragung in der Nutzung von Internetkommunikationsprotokollen impliziert ist. Zu dieser Kategorie von Daten geh\u00f6ren beispielsweise IP-Adressen, Datum und Uhrzeit des Zugriffs, besuchte Seiten (URI\/URL), numerische Codes, die den Serverantwortstatus angeben, die Methode, mit der die Anfrage an den Server \u00fcbermittelt wurde, die Namen der Ger\u00e4te, die zum Verbinden mit der Website verwendet werden, und andere Parameter im Zusammenhang mit dem Betriebssystem und der IT-Umgebung des Nutzers.<\/p><\/li><li><p><strong>Freiwillig und spontan bereitgestellte Daten<\/strong>: In bestimmten Abschnitten der Website k\u00f6nnen einige personenbezogene Daten erforderlich sein, z. B. f\u00fcr die Registrierung im Abschnitt &#8222;KONTAKT&#8220; (f\u00fcr den eine spezifische Datenschutzerkl\u00e4rung gem\u00e4\u00df Artikel 13 der Verordnung bereitgestellt wird).<\/p><\/li><li><p><strong>Durch Tracking gesammelte Daten (Cookies und andere Tracking-Tools)<\/strong>: Tracking erfolgt durch Code, der innerhalb der Website auf Serverebene (z. B. Dienste, Verfahren) sowie auf Clientebene (z. B. Tags, Pixel) ausgef\u00fchrt wird, auch mit Unterst\u00fctzung von Code, der auf Ihrem Browser installiert ist (z. B. Cookies). Bez\u00fcglich der Zwecke und der Verwaltung der Einwilligung zu Tracking-Methoden wird auf den Abschnitt &#8222;Cookie-Richtlinie&#8220; der Website verwiesen.<\/p><\/li><li><p><strong>Standortdaten<\/strong>: Die Website kann nach Ihrer spezifischen Genehmigung ungef\u00e4hre Standortdaten erfassen, die durch Ihre IP-Adresse bereitgestellt werden.<\/p><\/li><\/ul><p><strong>BEREITSTELLUNG VON DATEN<\/strong><\/p><p>Abgesehen von den oben genannten Navigationsdaten und den in den einzelnen Abschnitten der angegebenen Kan\u00e4le bereitgestellten Informationen ist die Bereitstellung von Daten f\u00fcr weitere Zwecke optional. Die Nichtbereitstellung dieser Daten kann dazu f\u00fchren, dass diese zus\u00e4tzlichen Zwecke nicht verfolgt werden k\u00f6nnen.<\/p><p><strong>ZWECKE DER VERARBEITUNG, RECHTSGRUNDLAGE UND SPEICHERDAUER<\/strong><\/p><p>Die von Ihnen \u00fcber die Website bereitgestellten personenbezogenen Daten werden je nach Ihren Anfragen f\u00fcr folgende Zwecke verarbeitet:<\/p><ul data-spread=\"true\"><li><p><strong>a) Funktion der Website.<\/strong><\/p><ul data-spread=\"false\"><li><p>Die Rechtsgrundlage f\u00fcr die Verarbeitung Ihrer personenbezogenen Daten zum Zweck der Funktion der Website ist die Erf\u00fcllung eines Vertrags, an dem Sie beteiligt sind.<\/p><\/li><li><p>Die Daten werden f\u00fcr die zur Bereitstellung der Website-Dienste erforderliche Zeit gespeichert und anschlie\u00dfend gel\u00f6scht oder anonymisiert.<\/p><\/li><\/ul><\/li><li><p><strong>b) Beantwortung Ihrer Kontaktanfrage f\u00fcr Informationen zu Ihrem Interesse.<\/strong><\/p><ul data-spread=\"false\"><li><p>Die Rechtsgrundlage f\u00fcr die Verarbeitung Ihrer personenbezogenen Daten zu den unter b) angegebenen Zwecken ist Artikel 6(1)(b) (die Verarbeitung ist f\u00fcr die Erf\u00fcllung eines Vertrags, an dem die betroffene Person beteiligt ist, oder f\u00fcr vorvertragliche Ma\u00dfnahmen auf Anfrage erforderlich).<\/p><\/li><li><p>Personenbezogene Daten, die zur Beantwortung Ihrer Kontaktanfrage verarbeitet werden, werden f\u00fcr die zur Erf\u00fcllung Ihrer Anfrage erforderliche Zeit gespeichert. Anschlie\u00dfend werden sie gel\u00f6scht oder anonymisiert.<\/p><\/li><\/ul><\/li><\/ul><p><strong>EMPF\u00c4NGER UND AUTORISIERTE VERARBEITER<\/strong><\/p><p>Ihre personenbezogenen Daten werden von Mitarbeitern, Mitarbeitern des Verantwortlichen oder externen Parteien verarbeitet, die als autorisierte Verarbeiter technische und organisatorische Aufgaben im Auftrag des Verantwortlichen auf der Grundlage spezifischer Anweisungen ausf\u00fchren.<\/p><p><strong>\u00dcBERMITTLUNG PERSONENBEZOGENER DATEN AUSSERHALB DER EU<\/strong><\/p><p>Ihre personenbezogenen Daten werden nicht au\u00dferhalb der EU \u00fcbertragen.<\/p><p>Falls eine solche \u00dcbertragung jedoch erforderlich wird und die Daten an Dritte au\u00dferhalb der EU (z. B. USA) \u00fcbertragen werden, erfolgt die \u00dcbertragung gem\u00e4\u00df den Bestimmungen der DSGVO, Kapitel V, Artikel 44 ff.<\/p><p><strong>RECHTE DER BETROFFENEN PERSON<\/strong><\/p><p>Die betroffene Person hat das Recht auf Zugang, Berichtigung, L\u00f6schung, Einschr\u00e4nkung oder Widerspruch gegen die Verarbeitung ihrer Daten gem\u00e4\u00df den Artikeln 15 bis 22 der DSGVO.<\/p><p><strong>BESCHWERDERECHT<\/strong><\/p><p>Falls Sie der Meinung sind, dass Ihre personenbezogenen Daten unter Versto\u00df gegen die Verordnung verarbeitet werden, haben Sie das Recht, eine Beschwerde bei der Datenschutzbeh\u00f6rde einzureichen.<\/p><p><strong>\u00c4NDERUNGEN DIESER INFORMATION<\/strong><\/p><p>Diese Information kann im Laufe der Zeit ge\u00e4ndert werden, um neue Vorschriften, Aktualisierungen und\/oder die Bereitstellung neuer Dienstleistungen oder technologische Innovationen zu ber\u00fccksichtigen.<\/p><p><strong>Letzte Aktualisierung am 27.02.2025<\/strong><\/p>\t\t\t\t\t\t\t\t<\/div>\n\t\t\t\t<\/div>\n\t\t\t\t\t<\/div>\n\t\t<\/div>\n\t\t\t\t\t<\/div>\n\t\t<\/section>\n\t\t\t\t<section class=\"elementor-section elementor-top-section elementor-element elementor-element-a3ad65d elementor-section-stretched elementor-section-content-middle scheme_dark sc_layouts_hide_on_wide sc_layouts_hide_on_desktop sc_layouts_hide_on_notebook sc_layouts_hide_on_tablet sc_layouts_hide_on_mobile elementor-section-boxed elementor-section-height-default elementor-section-height-default sc_fly_static\" data-id=\"a3ad65d\" data-element_type=\"section\" data-settings=\"{&quot;stretch_section&quot;:&quot;section-stretched&quot;,&quot;background_background&quot;:&quot;classic&quot;}\">\n\t\t\t\t\t\t\t<div class=\"elementor-background-overlay\"><\/div>\n\t\t\t\t\t\t\t<div class=\"elementor-container elementor-column-gap-extended\">\n\t\t\t\t\t<div class=\"elementor-column elementor-col-50 elementor-top-column elementor-element elementor-element-8f909f2 sc_inner_width_none sc_content_align_inherit sc_layouts_column_icons_position_left sc_fly_static\" data-id=\"8f909f2\" data-element_type=\"column\">\n\t\t\t<div class=\"elementor-widget-wrap elementor-element-populated\">\n\t\t\t\t\t\t<div class=\"elementor-element elementor-element-dc72754 sc_height_large sc_fly_static elementor-widget elementor-widget-spacer\" data-id=\"dc72754\" data-element_type=\"widget\" data-widget_type=\"spacer.default\">\n\t\t\t\t<div class=\"elementor-widget-container\">\n\t\t\t\t\t\t\t<div class=\"elementor-spacer\">\n\t\t\t<div class=\"elementor-spacer-inner\"><\/div>\n\t\t<\/div>\n\t\t\t\t\t\t<\/div>\n\t\t\t\t<\/div>\n\t\t\t\t<div class=\"elementor-element elementor-element-fc39f35 sc_fly_static elementor-widget elementor-widget-trx_sc_title\" data-id=\"fc39f35\" data-element_type=\"widget\" data-widget_type=\"trx_sc_title.default\">\n\t\t\t\t<div class=\"elementor-widget-container\">\n\t\t\t\t\t<div\t\tclass=\"sc_title sc_title_default\" ><h2 class=\"sc_item_title sc_title_title sc_item_title_style_default sc_typed\"\n\t\t\t><span class=\"sc_item_title_text\">Wir bieten kreative L\u00f6sungen <br> f\u00fcr <u>moderne Marken<\/u>.<\/span><\/h2><\/div>\t\t\t\t<\/div>\n\t\t\t\t<\/div>\n\t\t\t\t<div class=\"elementor-element elementor-element-74c73a3 sc_height_large sc_layouts_hide_on_mobile sc_fly_static elementor-widget elementor-widget-spacer\" data-id=\"74c73a3\" data-element_type=\"widget\" data-widget_type=\"spacer.default\">\n\t\t\t\t<div class=\"elementor-widget-container\">\n\t\t\t\t\t\t\t<div class=\"elementor-spacer\">\n\t\t\t<div class=\"elementor-spacer-inner\"><\/div>\n\t\t<\/div>\n\t\t\t\t\t\t<\/div>\n\t\t\t\t<\/div>\n\t\t\t\t\t<\/div>\n\t\t<\/div>\n\t\t\t\t<div class=\"elementor-column elementor-col-50 elementor-top-column elementor-element elementor-element-261ff50 sc_layouts_column_align_right sc_layouts_column sc-mobile_layouts_column_align_left sc_layouts_column sc_inner_width_none sc_content_align_inherit sc_layouts_column_icons_position_left sc_fly_static\" data-id=\"261ff50\" data-element_type=\"column\">\n\t\t\t<div class=\"elementor-widget-wrap elementor-element-populated\">\n\t\t\t\t\t\t<div class=\"elementor-element elementor-element-cd88374 sc_layouts_hide_on_mobile sc_fly_static elementor-widget elementor-widget-spacer\" data-id=\"cd88374\" data-element_type=\"widget\" data-widget_type=\"spacer.default\">\n\t\t\t\t<div class=\"elementor-widget-container\">\n\t\t\t\t\t\t\t<div class=\"elementor-spacer\">\n\t\t\t<div class=\"elementor-spacer-inner\"><\/div>\n\t\t<\/div>\n\t\t\t\t\t\t<\/div>\n\t\t\t\t<\/div>\n\t\t\t\t<div class=\"elementor-element elementor-element-407c43c sc_height_huge sc_layouts_hide_on_mobile sc_fly_static elementor-widget elementor-widget-spacer\" data-id=\"407c43c\" data-element_type=\"widget\" data-widget_type=\"spacer.default\">\n\t\t\t\t<div class=\"elementor-widget-container\">\n\t\t\t\t\t\t\t<div class=\"elementor-spacer\">\n\t\t\t<div class=\"elementor-spacer-inner\"><\/div>\n\t\t<\/div>\n\t\t\t\t\t\t<\/div>\n\t\t\t\t<\/div>\n\t\t\t\t<div class=\"elementor-element elementor-element-4af36a3 sc_height_medium sc_layouts_hide_on_wide sc_layouts_hide_on_desktop sc_layouts_hide_on_notebook sc_layouts_hide_on_tablet sc_fly_static elementor-widget elementor-widget-spacer\" data-id=\"4af36a3\" data-element_type=\"widget\" data-widget_type=\"spacer.default\">\n\t\t\t\t<div class=\"elementor-widget-container\">\n\t\t\t\t\t\t\t<div class=\"elementor-spacer\">\n\t\t\t<div class=\"elementor-spacer-inner\"><\/div>\n\t\t<\/div>\n\t\t\t\t\t\t<\/div>\n\t\t\t\t<\/div>\n\t\t\t\t<div class=\"elementor-element elementor-element-293d6cd sc_fly_static elementor-widget elementor-widget-trx_sc_button\" data-id=\"293d6cd\" data-element_type=\"widget\" data-widget_type=\"trx_sc_button.default\">\n\t\t\t\t<div class=\"elementor-widget-container\">\n\t\t\t\t\t<div\tclass=\"sc_item_button sc_button_wrap\" ><a href=\"https:\/\/www.generalmecsrl.it\/about\/\" class=\"sc_button sc_button_default sc_button_size_normal sc_button_icon_left\" ><span class=\"sc_button_text\"><span class=\"sc_button_title\">\u00dcber uns<\/span><\/span><\/a><\/div>\t\t\t\t<\/div>\n\t\t\t\t<\/div>\n\t\t\t\t<div class=\"elementor-element elementor-element-991b880 sc_height_huge sc_fly_static elementor-widget elementor-widget-spacer\" data-id=\"991b880\" data-element_type=\"widget\" data-widget_type=\"spacer.default\">\n\t\t\t\t<div class=\"elementor-widget-container\">\n\t\t\t\t\t\t\t<div class=\"elementor-spacer\">\n\t\t\t<div class=\"elementor-spacer-inner\"><\/div>\n\t\t<\/div>\n\t\t\t\t\t\t<\/div>\n\t\t\t\t<\/div>\n\t\t\t\t<div class=\"elementor-element elementor-element-14638de sc_layouts_hide_on_mobile sc_fly_static elementor-widget elementor-widget-spacer\" data-id=\"14638de\" data-element_type=\"widget\" data-widget_type=\"spacer.default\">\n\t\t\t\t<div class=\"elementor-widget-container\">\n\t\t\t\t\t\t\t<div class=\"elementor-spacer\">\n\t\t\t<div class=\"elementor-spacer-inner\"><\/div>\n\t\t<\/div>\n\t\t\t\t\t\t<\/div>\n\t\t\t\t<\/div>\n\t\t\t\t\t<\/div>\n\t\t<\/div>\n\t\t\t\t\t<\/div>\n\t\t<\/section>\n\t\t\t\t<\/div>\n\t\t","protected":false},"excerpt":{"rendered":"<p>INFORMATIONEN ZUR VERARBEITUNG PERSONENBEZOGENER DATEN von Nutzern, die die Website besuchen: www.generalmecsrl.it Gem\u00e4\u00df Artikel 13 der EU-Verordnung 2016\/679 Dieses Dokument hat das Ziel, maximale Transparenz in Bezug auf die \u00fcber&hellip;<\/p>\n","protected":false},"author":1,"featured_media":0,"parent":0,"menu_order":0,"comment_status":"closed","ping_status":"closed","template":"","meta":{"footnotes":""},"class_list":["post-18233","page","type-page","status-publish","hentry"],"yoast_head":"<!-- This site is optimized with the Yoast SEO plugin v26.8 - https:\/\/yoast.com\/product\/yoast-seo-wordpress\/ -->\n<title>Privacy Policy - Generalmec<\/title>\n<meta name=\"robots\" content=\"index, follow, max-snippet:-1, max-image-preview:large, max-video-preview:-1\" \/>\n<link rel=\"canonical\" href=\"https:\/\/www.generalmecsrl.it\/de\/privacy-policy\/\" \/>\n<meta property=\"og:locale\" content=\"de_DE\" \/>\n<meta property=\"og:type\" content=\"article\" \/>\n<meta property=\"og:title\" content=\"Privacy Policy - Generalmec\" \/>\n<meta property=\"og:description\" content=\"INFORMATIONEN ZUR VERARBEITUNG PERSONENBEZOGENER DATEN von Nutzern, die die Website besuchen: www.generalmecsrl.it Gem\u00e4\u00df Artikel 13 der EU-Verordnung 2016\/679 Dieses Dokument hat das Ziel, maximale Transparenz in Bezug auf die \u00fcber&hellip;\" \/>\n<meta property=\"og:url\" content=\"https:\/\/www.generalmecsrl.it\/de\/privacy-policy\/\" \/>\n<meta property=\"og:site_name\" content=\"Generalmec\" \/>\n<meta property=\"article:modified_time\" content=\"2025-02-28T08:07:24+00:00\" \/>\n<meta name=\"twitter:card\" content=\"summary_large_image\" \/>\n<meta name=\"twitter:label1\" content=\"Gesch\u00e4tzte Lesezeit\" \/>\n\t<meta name=\"twitter:data1\" content=\"5\u00a0Minuten\" \/>\n<script type=\"application\/ld+json\" class=\"yoast-schema-graph\">{\"@context\":\"https:\/\/schema.org\",\"@graph\":[{\"@type\":\"WebPage\",\"@id\":\"https:\/\/www.generalmecsrl.it\/de\/privacy-policy\/\",\"url\":\"https:\/\/www.generalmecsrl.it\/de\/privacy-policy\/\",\"name\":\"Privacy Policy - Generalmec\",\"isPartOf\":{\"@id\":\"https:\/\/www.generalmecsrl.it\/de\/#website\"},\"datePublished\":\"2025-02-12T09:37:08+00:00\",\"dateModified\":\"2025-02-28T08:07:24+00:00\",\"breadcrumb\":{\"@id\":\"https:\/\/www.generalmecsrl.it\/de\/privacy-policy\/#breadcrumb\"},\"inLanguage\":\"de\",\"potentialAction\":[{\"@type\":\"ReadAction\",\"target\":[\"https:\/\/www.generalmecsrl.it\/de\/privacy-policy\/\"]}]},{\"@type\":\"BreadcrumbList\",\"@id\":\"https:\/\/www.generalmecsrl.it\/de\/privacy-policy\/#breadcrumb\",\"itemListElement\":[{\"@type\":\"ListItem\",\"position\":1,\"name\":\"Home\",\"item\":\"https:\/\/www.generalmecsrl.it\/de\/\"},{\"@type\":\"ListItem\",\"position\":2,\"name\":\"Privacy Policy\"}]},{\"@type\":\"WebSite\",\"@id\":\"https:\/\/www.generalmecsrl.it\/de\/#website\",\"url\":\"https:\/\/www.generalmecsrl.it\/de\/\",\"name\":\"Generalmac\",\"description\":\"\",\"publisher\":{\"@id\":\"https:\/\/www.generalmecsrl.it\/de\/#organization\"},\"potentialAction\":[{\"@type\":\"SearchAction\",\"target\":{\"@type\":\"EntryPoint\",\"urlTemplate\":\"https:\/\/www.generalmecsrl.it\/de\/?s={search_term_string}\"},\"query-input\":{\"@type\":\"PropertyValueSpecification\",\"valueRequired\":true,\"valueName\":\"search_term_string\"}}],\"inLanguage\":\"de\"},{\"@type\":\"Organization\",\"@id\":\"https:\/\/www.generalmecsrl.it\/de\/#organization\",\"name\":\"Generalmac\",\"url\":\"https:\/\/www.generalmecsrl.it\/de\/\",\"logo\":{\"@type\":\"ImageObject\",\"inLanguage\":\"de\",\"@id\":\"https:\/\/www.generalmecsrl.it\/de\/#\/schema\/logo\/image\/\",\"url\":\"https:\/\/www.generalmecsrl.it\/wp-content\/uploads\/2024\/06\/logo__generalmec.png\",\"contentUrl\":\"https:\/\/www.generalmecsrl.it\/wp-content\/uploads\/2024\/06\/logo__generalmec.png\",\"width\":869,\"height\":174,\"caption\":\"Generalmac\"},\"image\":{\"@id\":\"https:\/\/www.generalmecsrl.it\/de\/#\/schema\/logo\/image\/\"}}]}<\/script>\n<!-- \/ Yoast SEO plugin. -->","yoast_head_json":{"title":"Privacy Policy - Generalmec","robots":{"index":"index","follow":"follow","max-snippet":"max-snippet:-1","max-image-preview":"max-image-preview:large","max-video-preview":"max-video-preview:-1"},"canonical":"https:\/\/www.generalmecsrl.it\/de\/privacy-policy\/","og_locale":"de_DE","og_type":"article","og_title":"Privacy Policy - Generalmec","og_description":"INFORMATIONEN ZUR VERARBEITUNG PERSONENBEZOGENER DATEN von Nutzern, die die Website besuchen: www.generalmecsrl.it Gem\u00e4\u00df Artikel 13 der EU-Verordnung 2016\/679 Dieses Dokument hat das Ziel, maximale Transparenz in Bezug auf die \u00fcber&hellip;","og_url":"https:\/\/www.generalmecsrl.it\/de\/privacy-policy\/","og_site_name":"Generalmec","article_modified_time":"2025-02-28T08:07:24+00:00","twitter_card":"summary_large_image","twitter_misc":{"Gesch\u00e4tzte Lesezeit":"5\u00a0Minuten"},"schema":{"@context":"https:\/\/schema.org","@graph":[{"@type":"WebPage","@id":"https:\/\/www.generalmecsrl.it\/de\/privacy-policy\/","url":"https:\/\/www.generalmecsrl.it\/de\/privacy-policy\/","name":"Privacy Policy - Generalmec","isPartOf":{"@id":"https:\/\/www.generalmecsrl.it\/de\/#website"},"datePublished":"2025-02-12T09:37:08+00:00","dateModified":"2025-02-28T08:07:24+00:00","breadcrumb":{"@id":"https:\/\/www.generalmecsrl.it\/de\/privacy-policy\/#breadcrumb"},"inLanguage":"de","potentialAction":[{"@type":"ReadAction","target":["https:\/\/www.generalmecsrl.it\/de\/privacy-policy\/"]}]},{"@type":"BreadcrumbList","@id":"https:\/\/www.generalmecsrl.it\/de\/privacy-policy\/#breadcrumb","itemListElement":[{"@type":"ListItem","position":1,"name":"Home","item":"https:\/\/www.generalmecsrl.it\/de\/"},{"@type":"ListItem","position":2,"name":"Privacy Policy"}]},{"@type":"WebSite","@id":"https:\/\/www.generalmecsrl.it\/de\/#website","url":"https:\/\/www.generalmecsrl.it\/de\/","name":"Generalmac","description":"","publisher":{"@id":"https:\/\/www.generalmecsrl.it\/de\/#organization"},"potentialAction":[{"@type":"SearchAction","target":{"@type":"EntryPoint","urlTemplate":"https:\/\/www.generalmecsrl.it\/de\/?s={search_term_string}"},"query-input":{"@type":"PropertyValueSpecification","valueRequired":true,"valueName":"search_term_string"}}],"inLanguage":"de"},{"@type":"Organization","@id":"https:\/\/www.generalmecsrl.it\/de\/#organization","name":"Generalmac","url":"https:\/\/www.generalmecsrl.it\/de\/","logo":{"@type":"ImageObject","inLanguage":"de","@id":"https:\/\/www.generalmecsrl.it\/de\/#\/schema\/logo\/image\/","url":"https:\/\/www.generalmecsrl.it\/wp-content\/uploads\/2024\/06\/logo__generalmec.png","contentUrl":"https:\/\/www.generalmecsrl.it\/wp-content\/uploads\/2024\/06\/logo__generalmec.png","width":869,"height":174,"caption":"Generalmac"},"image":{"@id":"https:\/\/www.generalmecsrl.it\/de\/#\/schema\/logo\/image\/"}}]}},"_links":{"self":[{"href":"https:\/\/www.generalmecsrl.it\/de\/wp-json\/wp\/v2\/pages\/18233","targetHints":{"allow":["GET"]}}],"collection":[{"href":"https:\/\/www.generalmecsrl.it\/de\/wp-json\/wp\/v2\/pages"}],"about":[{"href":"https:\/\/www.generalmecsrl.it\/de\/wp-json\/wp\/v2\/types\/page"}],"author":[{"embeddable":true,"href":"https:\/\/www.generalmecsrl.it\/de\/wp-json\/wp\/v2\/users\/1"}],"replies":[{"embeddable":true,"href":"https:\/\/www.generalmecsrl.it\/de\/wp-json\/wp\/v2\/comments?post=18233"}],"version-history":[{"count":7,"href":"https:\/\/www.generalmecsrl.it\/de\/wp-json\/wp\/v2\/pages\/18233\/revisions"}],"predecessor-version":[{"id":18417,"href":"https:\/\/www.generalmecsrl.it\/de\/wp-json\/wp\/v2\/pages\/18233\/revisions\/18417"}],"wp:attachment":[{"href":"https:\/\/www.generalmecsrl.it\/de\/wp-json\/wp\/v2\/media?parent=18233"}],"curies":[{"name":"wp","href":"https:\/\/api.w.org\/{rel}","templated":true}]}}