{"id":18231,"date":"2025-01-21T14:00:51","date_gmt":"2025-01-21T14:00:51","guid":{"rendered":"https:\/\/www.generalmecsrl.it\/credits\/"},"modified":"2025-02-13T14:32:24","modified_gmt":"2025-02-13T14:32:24","slug":"credits","status":"publish","type":"page","link":"https:\/\/www.generalmecsrl.it\/de\/credits\/","title":{"rendered":"Credits"},"content":{"rendered":"\t\t<div data-elementor-type=\"wp-page\" data-elementor-id=\"18231\" class=\"elementor elementor-18231 elementor-17605\">\n\t\t\t\t\t\t<section class=\"elementor-section elementor-top-section elementor-element elementor-element-3e0f9bf elementor-section-boxed elementor-section-height-default elementor-section-height-default sc_fly_static\" data-id=\"3e0f9bf\" data-element_type=\"section\">\n\t\t\t\t\t\t<div class=\"elementor-container elementor-column-gap-extended\">\n\t\t\t\t\t<div class=\"elementor-column elementor-col-100 elementor-top-column elementor-element elementor-element-2e43caa sc_inner_width_none sc_content_align_inherit sc_layouts_column_icons_position_left sc_fly_static\" data-id=\"2e43caa\" data-element_type=\"column\">\n\t\t\t<div class=\"elementor-widget-wrap elementor-element-populated\">\n\t\t\t\t\t\t<div class=\"elementor-element elementor-element-9f3d1aa elementor-widget__width-initial sc_fly_static elementor-widget elementor-widget-image\" data-id=\"9f3d1aa\" data-element_type=\"widget\" data-widget_type=\"image.default\">\n\t\t\t\t<div class=\"elementor-widget-container\">\n\t\t\t\t\t\t\t\t\t\t\t\t\t\t\t<img fetchpriority=\"high\" decoding=\"async\" width=\"1024\" height=\"393\" src=\"https:\/\/www.generalmecsrl.it\/wp-content\/uploads\/2025\/01\/LOGHI_logo-webleaders-05-1-1024x393.png\" class=\"attachment-large size-large wp-image-18164\" alt=\"\" srcset=\"https:\/\/www.generalmecsrl.it\/wp-content\/uploads\/2025\/01\/LOGHI_logo-webleaders-05-1-1024x393.png 1024w, https:\/\/www.generalmecsrl.it\/wp-content\/uploads\/2025\/01\/LOGHI_logo-webleaders-05-1-300x115.png 300w, https:\/\/www.generalmecsrl.it\/wp-content\/uploads\/2025\/01\/LOGHI_logo-webleaders-05-1-768x295.png 768w, https:\/\/www.generalmecsrl.it\/wp-content\/uploads\/2025\/01\/LOGHI_logo-webleaders-05-1-1536x589.png 1536w, https:\/\/www.generalmecsrl.it\/wp-content\/uploads\/2025\/01\/LOGHI_logo-webleaders-05-1-2048x786.png 2048w, https:\/\/www.generalmecsrl.it\/wp-content\/uploads\/2025\/01\/LOGHI_logo-webleaders-05-1-370x142.png 370w, https:\/\/www.generalmecsrl.it\/wp-content\/uploads\/2025\/01\/LOGHI_logo-webleaders-05-1-840x322.png 840w, https:\/\/www.generalmecsrl.it\/wp-content\/uploads\/2025\/01\/LOGHI_logo-webleaders-05-1-410x157.png 410w\" sizes=\"(max-width: 1024px) 100vw, 1024px\" \/>\t\t\t\t\t\t\t\t\t\t\t\t\t\t\t<\/div>\n\t\t\t\t<\/div>\n\t\t\t\t<div class=\"elementor-element elementor-element-7dab904 sc_fly_static elementor-widget elementor-widget-spacer\" data-id=\"7dab904\" data-element_type=\"widget\" data-widget_type=\"spacer.default\">\n\t\t\t\t<div class=\"elementor-widget-container\">\n\t\t\t\t\t\t\t<div class=\"elementor-spacer\">\n\t\t\t<div class=\"elementor-spacer-inner\"><\/div>\n\t\t<\/div>\n\t\t\t\t\t\t<\/div>\n\t\t\t\t<\/div>\n\t\t\t\t<div class=\"elementor-element elementor-element-1bd80b8 sc_fly_static elementor-widget elementor-widget-text-editor\" data-id=\"1bd80b8\" data-element_type=\"widget\" data-widget_type=\"text-editor.default\">\n\t\t\t\t<div class=\"elementor-widget-container\">\n\t\t\t\t\t\t\t\t\t<p>Wir sind eine <strong>Web-Marketing<\/strong>-Agentur, die auf <strong>SEO<\/strong>, <strong>Social Media<\/strong> und <strong>Online-Promotion<\/strong> spezialisiert ist. Unser Ziel ist einfach: Wir helfen Unternehmen dabei, <strong>Sichtbarkeit zu schaffen<\/strong>, <strong>Kunden zu gewinnen<\/strong> und <strong>langfristige Beziehungen<\/strong> mit der richtigen Zielgruppe aufzubauen. Seit \u00fcber zehn Jahren f\u00fchren wir Unternehmen auf dem Weg zur Erreichung ihrer <strong>Online-F\u00fchrungsziele<\/strong>, indem wir ihre Sichtbarkeit in <strong>Suchmaschinen erh\u00f6hen<\/strong> und einen nachhaltigen <strong>Gesch\u00e4ftserfolg gew\u00e4hrleisten<\/strong>. Wir sind Experten in der Arbeit mit verschiedenen Branchen, und unsere Mission ist es sicherzustellen, dass jedes Unternehmen in der digitalen Landschaft hervorsticht.   <\/p><p>In unserer Arbeit konzentrieren wir uns auf die Erstellung ma\u00dfgeschneiderter L\u00f6sungen, die den spezifischen Bed\u00fcrfnissen jedes Kunden gerecht werden, wie im Fall von <strong>GeneralMec<\/strong>, wo wir uns darauf konzentriert haben, eine moderne, intuitive und perfekt f\u00fcr den Maschinenbau optimierte <a href=\"https:\/\/webleaders.it\/settore-metalmeccanico-e-metallurgia\/\" target=\"_blank\" rel=\"noopener\"><strong>Website zu erstellen<\/strong><\/a>.<\/p><h3><strong>Was wir f\u00fcr GeneralMec gemacht haben<\/strong><\/h3><p>F\u00fcr <strong>GeneralMec<\/strong> haben wir die <strong>Website komplett neu gestaltet<\/strong>, das Design erneuert und die Benutzerfreundlichkeit verbessert. Die Website bietet jetzt eine <strong>fl\u00fcssigere und intuitivere Navigation<\/strong>, wodurch das Benutzererlebnis auf allen Ger\u00e4ten einfach und angenehm wird. Wir haben eine Website erstellt, die die Innovation und Pr\u00e4zision widerspiegelt, die GeneralMec auszeichnen, indem wir modernes Design und Funktionalit\u00e4t vereinen, um eine optimale Verwaltung der Produktionsprozesse und der angebotenen Dienstleistungen zu gew\u00e4hrleisten.  <\/p><h3><strong>Warum WebLeaders w\u00e4hlen<\/strong><\/h3><p>Mit <strong>WebLeaders<\/strong> k\u00f6nnen Unternehmen im Maschinenbau (und nicht nur) auf einen erfahrenen Partner z\u00e4hlen, der in der Lage ist, eine starke <strong>Online-Pr\u00e4senz aufzubauen<\/strong>. Wir bieten strategische L\u00f6sungen, die <strong>Sichtbarkeit<\/strong>, <strong>Attraktivit\u00e4t<\/strong> und <strong>Beziehungen<\/strong> zum richtigen Publikum generieren, um <strong>kommerziellen Erfolg<\/strong> zu gew\u00e4hrleisten und ihnen zu helfen, ihre <strong>Unternehmensziele zu erreichen<\/strong>. Wenn auch du im digitalen Bereich wachsen m\u00f6chtest, sind wir hier, um dir zu helfen, die Ergebnisse zu erzielen, die du verdienst.  <\/p><p><em>Wenn auch du die Online-Sichtbarkeit deines Unternehmens verbessern und Erfolg im Bereich Gummi und Kunststoff erzielen m\u00f6chtest, buche ein kostenloses Training mit uns! Finde heraus, wie die richtigen digitalen Marketingstrategien einen Unterschied f\u00fcr dein Gesch\u00e4ft machen k\u00f6nnen. Klicke hier, um deine kostenlose Sitzung zu buchen!  <\/em><\/p>\t\t\t\t\t\t\t\t<\/div>\n\t\t\t\t<\/div>\n\t\t\t\t\t<\/div>\n\t\t<\/div>\n\t\t\t\t\t<\/div>\n\t\t<\/section>\n\t\t\t\t<section class=\"elementor-section elementor-top-section elementor-element elementor-element-f1e341e elementor-section-boxed elementor-section-height-default elementor-section-height-default sc_fly_static\" data-id=\"f1e341e\" data-element_type=\"section\">\n\t\t\t\t\t\t<div class=\"elementor-container elementor-column-gap-extended\">\n\t\t\t\t\t<div class=\"elementor-column elementor-col-100 elementor-top-column elementor-element elementor-element-66e11b6 sc_inner_width_none sc_content_align_inherit sc_layouts_column_icons_position_left sc_fly_static\" data-id=\"66e11b6\" data-element_type=\"column\">\n\t\t\t<div class=\"elementor-widget-wrap\">\n\t\t\t\t\t\t\t<\/div>\n\t\t<\/div>\n\t\t\t\t\t<\/div>\n\t\t<\/section>\n\t\t\t\t<section class=\"elementor-section elementor-top-section elementor-element elementor-element-09a659f elementor-section-boxed elementor-section-height-default elementor-section-height-default sc_fly_static\" data-id=\"09a659f\" data-element_type=\"section\">\n\t\t\t\t\t\t<div class=\"elementor-container elementor-column-gap-extended\">\n\t\t\t\t\t<div class=\"elementor-column elementor-col-100 elementor-top-column elementor-element elementor-element-ee2a00e sc_inner_width_none sc_content_align_inherit sc_layouts_column_icons_position_left sc_fly_static\" data-id=\"ee2a00e\" data-element_type=\"column\">\n\t\t\t<div class=\"elementor-widget-wrap\">\n\t\t\t\t\t\t\t<\/div>\n\t\t<\/div>\n\t\t\t\t\t<\/div>\n\t\t<\/section>\n\t\t\t\t<\/div>\n\t\t","protected":false},"excerpt":{"rendered":"<p>Wir sind eine Web-Marketing-Agentur, die auf SEO, Social Media und Online-Promotion spezialisiert ist. Unser Ziel ist einfach: Wir helfen Unternehmen dabei, Sichtbarkeit zu schaffen, Kunden zu gewinnen und langfristige Beziehungen&hellip;<\/p>\n","protected":false},"author":1,"featured_media":0,"parent":0,"menu_order":0,"comment_status":"closed","ping_status":"closed","template":"","meta":{"footnotes":""},"class_list":["post-18231","page","type-page","status-publish","hentry"],"yoast_head":"<!-- This site is optimized with the Yoast SEO plugin v26.8 - https:\/\/yoast.com\/product\/yoast-seo-wordpress\/ -->\n<title>Credits - Generalmec<\/title>\n<meta name=\"robots\" content=\"index, follow, max-snippet:-1, max-image-preview:large, max-video-preview:-1\" \/>\n<link rel=\"canonical\" href=\"https:\/\/www.generalmecsrl.it\/de\/credits\/\" \/>\n<meta property=\"og:locale\" content=\"de_DE\" \/>\n<meta property=\"og:type\" content=\"article\" \/>\n<meta property=\"og:title\" content=\"Credits - Generalmec\" \/>\n<meta property=\"og:description\" content=\"Wir sind eine Web-Marketing-Agentur, die auf SEO, Social Media und Online-Promotion spezialisiert ist. Unser Ziel ist einfach: Wir helfen Unternehmen dabei, Sichtbarkeit zu schaffen, Kunden zu gewinnen und langfristige Beziehungen&hellip;\" \/>\n<meta property=\"og:url\" content=\"https:\/\/www.generalmecsrl.it\/de\/credits\/\" \/>\n<meta property=\"og:site_name\" content=\"Generalmec\" \/>\n<meta property=\"article:modified_time\" content=\"2025-02-13T14:32:24+00:00\" \/>\n<meta property=\"og:image\" content=\"https:\/\/www.generalmecsrl.it\/wp-content\/uploads\/2025\/01\/LOGHI_logo-webleaders-05-1-1024x393.png\" \/>\n<meta name=\"twitter:card\" content=\"summary_large_image\" \/>\n<meta name=\"twitter:label1\" content=\"Gesch\u00e4tzte Lesezeit\" \/>\n\t<meta name=\"twitter:data1\" content=\"2\u00a0Minuten\" \/>\n<script type=\"application\/ld+json\" class=\"yoast-schema-graph\">{\"@context\":\"https:\/\/schema.org\",\"@graph\":[{\"@type\":\"WebPage\",\"@id\":\"https:\/\/www.generalmecsrl.it\/de\/credits\/\",\"url\":\"https:\/\/www.generalmecsrl.it\/de\/credits\/\",\"name\":\"Credits - Generalmec\",\"isPartOf\":{\"@id\":\"https:\/\/www.generalmecsrl.it\/de\/#website\"},\"primaryImageOfPage\":{\"@id\":\"https:\/\/www.generalmecsrl.it\/de\/credits\/#primaryimage\"},\"image\":{\"@id\":\"https:\/\/www.generalmecsrl.it\/de\/credits\/#primaryimage\"},\"thumbnailUrl\":\"https:\/\/www.generalmecsrl.it\/wp-content\/uploads\/2025\/01\/LOGHI_logo-webleaders-05-1-1024x393.png\",\"datePublished\":\"2025-01-21T14:00:51+00:00\",\"dateModified\":\"2025-02-13T14:32:24+00:00\",\"breadcrumb\":{\"@id\":\"https:\/\/www.generalmecsrl.it\/de\/credits\/#breadcrumb\"},\"inLanguage\":\"de\",\"potentialAction\":[{\"@type\":\"ReadAction\",\"target\":[\"https:\/\/www.generalmecsrl.it\/de\/credits\/\"]}]},{\"@type\":\"ImageObject\",\"inLanguage\":\"de\",\"@id\":\"https:\/\/www.generalmecsrl.it\/de\/credits\/#primaryimage\",\"url\":\"https:\/\/www.generalmecsrl.it\/wp-content\/uploads\/2025\/01\/LOGHI_logo-webleaders-05-1-1024x393.png\",\"contentUrl\":\"https:\/\/www.generalmecsrl.it\/wp-content\/uploads\/2025\/01\/LOGHI_logo-webleaders-05-1-1024x393.png\"},{\"@type\":\"BreadcrumbList\",\"@id\":\"https:\/\/www.generalmecsrl.it\/de\/credits\/#breadcrumb\",\"itemListElement\":[{\"@type\":\"ListItem\",\"position\":1,\"name\":\"Home\",\"item\":\"https:\/\/www.generalmecsrl.it\/de\/\"},{\"@type\":\"ListItem\",\"position\":2,\"name\":\"Credits\"}]},{\"@type\":\"WebSite\",\"@id\":\"https:\/\/www.generalmecsrl.it\/de\/#website\",\"url\":\"https:\/\/www.generalmecsrl.it\/de\/\",\"name\":\"Generalmac\",\"description\":\"\",\"publisher\":{\"@id\":\"https:\/\/www.generalmecsrl.it\/de\/#organization\"},\"potentialAction\":[{\"@type\":\"SearchAction\",\"target\":{\"@type\":\"EntryPoint\",\"urlTemplate\":\"https:\/\/www.generalmecsrl.it\/de\/?s={search_term_string}\"},\"query-input\":{\"@type\":\"PropertyValueSpecification\",\"valueRequired\":true,\"valueName\":\"search_term_string\"}}],\"inLanguage\":\"de\"},{\"@type\":\"Organization\",\"@id\":\"https:\/\/www.generalmecsrl.it\/de\/#organization\",\"name\":\"Generalmac\",\"url\":\"https:\/\/www.generalmecsrl.it\/de\/\",\"logo\":{\"@type\":\"ImageObject\",\"inLanguage\":\"de\",\"@id\":\"https:\/\/www.generalmecsrl.it\/de\/#\/schema\/logo\/image\/\",\"url\":\"https:\/\/www.generalmecsrl.it\/wp-content\/uploads\/2024\/06\/logo__generalmec.png\",\"contentUrl\":\"https:\/\/www.generalmecsrl.it\/wp-content\/uploads\/2024\/06\/logo__generalmec.png\",\"width\":869,\"height\":174,\"caption\":\"Generalmac\"},\"image\":{\"@id\":\"https:\/\/www.generalmecsrl.it\/de\/#\/schema\/logo\/image\/\"}}]}<\/script>\n<!-- \/ Yoast SEO plugin. -->","yoast_head_json":{"title":"Credits - Generalmec","robots":{"index":"index","follow":"follow","max-snippet":"max-snippet:-1","max-image-preview":"max-image-preview:large","max-video-preview":"max-video-preview:-1"},"canonical":"https:\/\/www.generalmecsrl.it\/de\/credits\/","og_locale":"de_DE","og_type":"article","og_title":"Credits - Generalmec","og_description":"Wir sind eine Web-Marketing-Agentur, die auf SEO, Social Media und Online-Promotion spezialisiert ist. Unser Ziel ist einfach: Wir helfen Unternehmen dabei, Sichtbarkeit zu schaffen, Kunden zu gewinnen und langfristige Beziehungen&hellip;","og_url":"https:\/\/www.generalmecsrl.it\/de\/credits\/","og_site_name":"Generalmec","article_modified_time":"2025-02-13T14:32:24+00:00","og_image":[{"url":"https:\/\/www.generalmecsrl.it\/wp-content\/uploads\/2025\/01\/LOGHI_logo-webleaders-05-1-1024x393.png","type":"","width":"","height":""}],"twitter_card":"summary_large_image","twitter_misc":{"Gesch\u00e4tzte Lesezeit":"2\u00a0Minuten"},"schema":{"@context":"https:\/\/schema.org","@graph":[{"@type":"WebPage","@id":"https:\/\/www.generalmecsrl.it\/de\/credits\/","url":"https:\/\/www.generalmecsrl.it\/de\/credits\/","name":"Credits - Generalmec","isPartOf":{"@id":"https:\/\/www.generalmecsrl.it\/de\/#website"},"primaryImageOfPage":{"@id":"https:\/\/www.generalmecsrl.it\/de\/credits\/#primaryimage"},"image":{"@id":"https:\/\/www.generalmecsrl.it\/de\/credits\/#primaryimage"},"thumbnailUrl":"https:\/\/www.generalmecsrl.it\/wp-content\/uploads\/2025\/01\/LOGHI_logo-webleaders-05-1-1024x393.png","datePublished":"2025-01-21T14:00:51+00:00","dateModified":"2025-02-13T14:32:24+00:00","breadcrumb":{"@id":"https:\/\/www.generalmecsrl.it\/de\/credits\/#breadcrumb"},"inLanguage":"de","potentialAction":[{"@type":"ReadAction","target":["https:\/\/www.generalmecsrl.it\/de\/credits\/"]}]},{"@type":"ImageObject","inLanguage":"de","@id":"https:\/\/www.generalmecsrl.it\/de\/credits\/#primaryimage","url":"https:\/\/www.generalmecsrl.it\/wp-content\/uploads\/2025\/01\/LOGHI_logo-webleaders-05-1-1024x393.png","contentUrl":"https:\/\/www.generalmecsrl.it\/wp-content\/uploads\/2025\/01\/LOGHI_logo-webleaders-05-1-1024x393.png"},{"@type":"BreadcrumbList","@id":"https:\/\/www.generalmecsrl.it\/de\/credits\/#breadcrumb","itemListElement":[{"@type":"ListItem","position":1,"name":"Home","item":"https:\/\/www.generalmecsrl.it\/de\/"},{"@type":"ListItem","position":2,"name":"Credits"}]},{"@type":"WebSite","@id":"https:\/\/www.generalmecsrl.it\/de\/#website","url":"https:\/\/www.generalmecsrl.it\/de\/","name":"Generalmac","description":"","publisher":{"@id":"https:\/\/www.generalmecsrl.it\/de\/#organization"},"potentialAction":[{"@type":"SearchAction","target":{"@type":"EntryPoint","urlTemplate":"https:\/\/www.generalmecsrl.it\/de\/?s={search_term_string}"},"query-input":{"@type":"PropertyValueSpecification","valueRequired":true,"valueName":"search_term_string"}}],"inLanguage":"de"},{"@type":"Organization","@id":"https:\/\/www.generalmecsrl.it\/de\/#organization","name":"Generalmac","url":"https:\/\/www.generalmecsrl.it\/de\/","logo":{"@type":"ImageObject","inLanguage":"de","@id":"https:\/\/www.generalmecsrl.it\/de\/#\/schema\/logo\/image\/","url":"https:\/\/www.generalmecsrl.it\/wp-content\/uploads\/2024\/06\/logo__generalmec.png","contentUrl":"https:\/\/www.generalmecsrl.it\/wp-content\/uploads\/2024\/06\/logo__generalmec.png","width":869,"height":174,"caption":"Generalmac"},"image":{"@id":"https:\/\/www.generalmecsrl.it\/de\/#\/schema\/logo\/image\/"}}]}},"_links":{"self":[{"href":"https:\/\/www.generalmecsrl.it\/de\/wp-json\/wp\/v2\/pages\/18231","targetHints":{"allow":["GET"]}}],"collection":[{"href":"https:\/\/www.generalmecsrl.it\/de\/wp-json\/wp\/v2\/pages"}],"about":[{"href":"https:\/\/www.generalmecsrl.it\/de\/wp-json\/wp\/v2\/types\/page"}],"author":[{"embeddable":true,"href":"https:\/\/www.generalmecsrl.it\/de\/wp-json\/wp\/v2\/users\/1"}],"replies":[{"embeddable":true,"href":"https:\/\/www.generalmecsrl.it\/de\/wp-json\/wp\/v2\/comments?post=18231"}],"version-history":[{"count":1,"href":"https:\/\/www.generalmecsrl.it\/de\/wp-json\/wp\/v2\/pages\/18231\/revisions"}],"predecessor-version":[{"id":18232,"href":"https:\/\/www.generalmecsrl.it\/de\/wp-json\/wp\/v2\/pages\/18231\/revisions\/18232"}],"wp:attachment":[{"href":"https:\/\/www.generalmecsrl.it\/de\/wp-json\/wp\/v2\/media?parent=18231"}],"curies":[{"name":"wp","href":"https:\/\/api.w.org\/{rel}","templated":true}]}}